{"id":124,"date":"2018-06-13T19:16:19","date_gmt":"2018-06-13T17:16:19","guid":{"rendered":"http:\/\/einformatyka.com.pl:8181\/?page_id=124"},"modified":"2019-03-25T23:25:09","modified_gmt":"2019-03-25T22:25:09","slug":"o-nas","status":"publish","type":"page","link":"https:\/\/einformatyka.com.pl\/index.php\/o-nas\/","title":{"rendered":"O nas"},"content":{"rendered":"<p>Einformatyka dzia\u0142a na Polskim rynku od roku 2015 \u015bwiadcz\u0105c us\u0142ugi informatyczne dla os\u00f3b prywatnych oraz ma\u0142ych i \u015brednich firm.\u00a0 Nasze do\u015bwiadczenie zdobywali\u015bmy wsp\u00f3\u0142pracuj\u0105c z firmami takimi jak: Grupa K\u0119ty, Aluprof, Beskidzkie Biuro Konsultingowe, Gk Vip Transfer, BMB Sklep, Stan-Bruk, Zak\u0142ad Kominiarski Jaros\u0142aw Fajfrzyk<\/p>\n<hr \/>\n<p><img data-attachment-id=\"136\" data-permalink=\"https:\/\/einformatyka.com.pl\/index.php\/o-nas\/aluprof-1\/\" data-orig-file=\"https:\/\/i0.wp.com\/einformatyka.com.pl\/wp-content\/uploads\/2018\/06\/Aluprof-1.png?fit=300%2C300&amp;ssl=1\" data-orig-size=\"300,300\" data-comments-opened=\"1\" data-image-meta=\"{&quot;aperture&quot;:&quot;0&quot;,&quot;credit&quot;:&quot;&quot;,&quot;camera&quot;:&quot;&quot;,&quot;caption&quot;:&quot;&quot;,&quot;created_timestamp&quot;:&quot;0&quot;,&quot;copyright&quot;:&quot;&quot;,&quot;focal_length&quot;:&quot;0&quot;,&quot;iso&quot;:&quot;0&quot;,&quot;shutter_speed&quot;:&quot;0&quot;,&quot;title&quot;:&quot;&quot;,&quot;orientation&quot;:&quot;0&quot;}\" data-image-title=\"Aluprof\" data-image-description=\"&lt;p&gt;Aluprof&lt;\/p&gt;\n\" data-image-caption=\"&lt;p&gt;Aluprof&lt;\/p&gt;\n\" data-medium-file=\"https:\/\/i0.wp.com\/einformatyka.com.pl\/wp-content\/uploads\/2018\/06\/Aluprof-1.png?fit=300%2C300&amp;ssl=1\" data-large-file=\"https:\/\/i0.wp.com\/einformatyka.com.pl\/wp-content\/uploads\/2018\/06\/Aluprof-1.png?fit=300%2C300&amp;ssl=1\" decoding=\"async\" loading=\"lazy\" class=\"wp-image-136 size-thumbnail alignleft\" title=\"Aluprof\" src=\"https:\/\/i0.wp.com\/einformatyka.com.pl\/wp-content\/uploads\/2018\/06\/Aluprof-1.png?resize=150%2C150&#038;ssl=1\" alt=\"Aluprof\" width=\"150\" height=\"150\" align=\"left\" srcset=\"https:\/\/i0.wp.com\/einformatyka.com.pl\/wp-content\/uploads\/2018\/06\/Aluprof-1.png?resize=150%2C150&amp;ssl=1 150w, https:\/\/i0.wp.com\/einformatyka.com.pl\/wp-content\/uploads\/2018\/06\/Aluprof-1.png?resize=100%2C100&amp;ssl=1 100w, https:\/\/i0.wp.com\/einformatyka.com.pl\/wp-content\/uploads\/2018\/06\/Aluprof-1.png?w=300&amp;ssl=1 300w\" sizes=\"(max-width: 150px) 100vw, 150px\" data-recalc-dims=\"1\" \/><\/p>\n<p style=\"text-align: center;\"><img data-attachment-id=\"139\" data-permalink=\"https:\/\/einformatyka.com.pl\/index.php\/o-nas\/grupa-kety-1\/\" data-orig-file=\"https:\/\/i0.wp.com\/einformatyka.com.pl\/wp-content\/uploads\/2018\/06\/Grupa-Kety-1.png?fit=300%2C300&amp;ssl=1\" data-orig-size=\"300,300\" data-comments-opened=\"1\" data-image-meta=\"{&quot;aperture&quot;:&quot;0&quot;,&quot;credit&quot;:&quot;&quot;,&quot;camera&quot;:&quot;&quot;,&quot;caption&quot;:&quot;&quot;,&quot;created_timestamp&quot;:&quot;0&quot;,&quot;copyright&quot;:&quot;&quot;,&quot;focal_length&quot;:&quot;0&quot;,&quot;iso&quot;:&quot;0&quot;,&quot;shutter_speed&quot;:&quot;0&quot;,&quot;title&quot;:&quot;&quot;,&quot;orientation&quot;:&quot;0&quot;}\" data-image-title=\"Grupa K\u0119ty\" data-image-description=\"&lt;p&gt;Grupa K\u0119ty&lt;\/p&gt;\n\" data-image-caption=\"&lt;p&gt;Grupa K\u0119ty&lt;\/p&gt;\n\" data-medium-file=\"https:\/\/i0.wp.com\/einformatyka.com.pl\/wp-content\/uploads\/2018\/06\/Grupa-Kety-1.png?fit=300%2C300&amp;ssl=1\" data-large-file=\"https:\/\/i0.wp.com\/einformatyka.com.pl\/wp-content\/uploads\/2018\/06\/Grupa-Kety-1.png?fit=300%2C300&amp;ssl=1\" decoding=\"async\" loading=\"lazy\" class=\"wp-image-139 size-thumbnail alignleft\" title=\"Grupa K\u0119ty\" src=\"https:\/\/i0.wp.com\/einformatyka.com.pl\/wp-content\/uploads\/2018\/06\/Grupa-Kety-1.png?resize=150%2C150&#038;ssl=1\" alt=\"Grupa K\u0119ty\" width=\"150\" height=\"150\" align=\"left\" srcset=\"https:\/\/i0.wp.com\/einformatyka.com.pl\/wp-content\/uploads\/2018\/06\/Grupa-Kety-1.png?resize=150%2C150&amp;ssl=1 150w, https:\/\/i0.wp.com\/einformatyka.com.pl\/wp-content\/uploads\/2018\/06\/Grupa-Kety-1.png?resize=100%2C100&amp;ssl=1 100w, https:\/\/i0.wp.com\/einformatyka.com.pl\/wp-content\/uploads\/2018\/06\/Grupa-Kety-1.png?w=300&amp;ssl=1 300w\" sizes=\"(max-width: 150px) 100vw, 150px\" data-recalc-dims=\"1\" \/><\/p>\n<p style=\"text-align: center;\">\u00a0<\/p>\n<p style=\"text-align: center;\"><img data-attachment-id=\"137\" data-permalink=\"https:\/\/einformatyka.com.pl\/index.php\/o-nas\/bezkidzkie-biuro-consultingowe\/\" data-orig-file=\"https:\/\/i0.wp.com\/einformatyka.com.pl\/wp-content\/uploads\/2018\/06\/bezkidzkie-biuro-consultingowe.jpg?fit=300%2C300&amp;ssl=1\" data-orig-size=\"300,300\" data-comments-opened=\"1\" data-image-meta=\"{&quot;aperture&quot;:&quot;0&quot;,&quot;credit&quot;:&quot;&quot;,&quot;camera&quot;:&quot;&quot;,&quot;caption&quot;:&quot;&quot;,&quot;created_timestamp&quot;:&quot;0&quot;,&quot;copyright&quot;:&quot;&quot;,&quot;focal_length&quot;:&quot;0&quot;,&quot;iso&quot;:&quot;0&quot;,&quot;shutter_speed&quot;:&quot;0&quot;,&quot;title&quot;:&quot;&quot;,&quot;orientation&quot;:&quot;0&quot;}\" data-image-title=\"Beskidzkie Biuro Consultingowe\" data-image-description=\"&lt;p&gt;Beskidzkie Biuro Consultingowe&lt;\/p&gt;\n\" data-image-caption=\"&lt;p&gt;Beskidzkie Biuro Consultingowe&lt;\/p&gt;\n\" data-medium-file=\"https:\/\/i0.wp.com\/einformatyka.com.pl\/wp-content\/uploads\/2018\/06\/bezkidzkie-biuro-consultingowe.jpg?fit=300%2C300&amp;ssl=1\" data-large-file=\"https:\/\/i0.wp.com\/einformatyka.com.pl\/wp-content\/uploads\/2018\/06\/bezkidzkie-biuro-consultingowe.jpg?fit=300%2C300&amp;ssl=1\" decoding=\"async\" loading=\"lazy\" class=\"wp-image-137 size-thumbnail alignleft\" title=\"Beskidzkie Biuro Consultingowe\" src=\"https:\/\/i0.wp.com\/einformatyka.com.pl\/wp-content\/uploads\/2018\/06\/bezkidzkie-biuro-consultingowe.jpg?resize=150%2C150&#038;ssl=1\" alt=\"Beskidzkie Biuro Consultingowe\" width=\"150\" height=\"150\" align=\"left\" srcset=\"https:\/\/i0.wp.com\/einformatyka.com.pl\/wp-content\/uploads\/2018\/06\/bezkidzkie-biuro-consultingowe.jpg?resize=150%2C150&amp;ssl=1 150w, https:\/\/i0.wp.com\/einformatyka.com.pl\/wp-content\/uploads\/2018\/06\/bezkidzkie-biuro-consultingowe.jpg?resize=100%2C100&amp;ssl=1 100w, https:\/\/i0.wp.com\/einformatyka.com.pl\/wp-content\/uploads\/2018\/06\/bezkidzkie-biuro-consultingowe.jpg?w=300&amp;ssl=1 300w\" sizes=\"(max-width: 150px) 100vw, 150px\" data-recalc-dims=\"1\" \/><\/p>\n<p style=\"text-align: center;\"><img data-attachment-id=\"140\" data-permalink=\"https:\/\/einformatyka.com.pl\/index.php\/o-nas\/stan-bruk\/\" data-orig-file=\"https:\/\/i0.wp.com\/einformatyka.com.pl\/wp-content\/uploads\/2018\/06\/stan-bruk.jpg?fit=300%2C300&amp;ssl=1\" data-orig-size=\"300,300\" data-comments-opened=\"1\" data-image-meta=\"{&quot;aperture&quot;:&quot;0&quot;,&quot;credit&quot;:&quot;&quot;,&quot;camera&quot;:&quot;&quot;,&quot;caption&quot;:&quot;&quot;,&quot;created_timestamp&quot;:&quot;0&quot;,&quot;copyright&quot;:&quot;&quot;,&quot;focal_length&quot;:&quot;0&quot;,&quot;iso&quot;:&quot;0&quot;,&quot;shutter_speed&quot;:&quot;0&quot;,&quot;title&quot;:&quot;&quot;,&quot;orientation&quot;:&quot;0&quot;}\" data-image-title=\"Stan-Bruk\" data-image-description=\"&lt;p&gt;Stan-Bruk&lt;\/p&gt;\n\" data-image-caption=\"&lt;p&gt;Stan-Bruk&lt;\/p&gt;\n\" data-medium-file=\"https:\/\/i0.wp.com\/einformatyka.com.pl\/wp-content\/uploads\/2018\/06\/stan-bruk.jpg?fit=300%2C300&amp;ssl=1\" data-large-file=\"https:\/\/i0.wp.com\/einformatyka.com.pl\/wp-content\/uploads\/2018\/06\/stan-bruk.jpg?fit=300%2C300&amp;ssl=1\" decoding=\"async\" loading=\"lazy\" class=\"wp-image-140 size-thumbnail alignleft\" title=\"Stan-Bruk\" src=\"https:\/\/i0.wp.com\/einformatyka.com.pl\/wp-content\/uploads\/2018\/06\/stan-bruk.jpg?resize=150%2C150&#038;ssl=1\" alt=\"Stan-Bruk\" width=\"150\" height=\"150\" align=\"left\" srcset=\"https:\/\/i0.wp.com\/einformatyka.com.pl\/wp-content\/uploads\/2018\/06\/stan-bruk.jpg?resize=150%2C150&amp;ssl=1 150w, https:\/\/i0.wp.com\/einformatyka.com.pl\/wp-content\/uploads\/2018\/06\/stan-bruk.jpg?resize=100%2C100&amp;ssl=1 100w, https:\/\/i0.wp.com\/einformatyka.com.pl\/wp-content\/uploads\/2018\/06\/stan-bruk.jpg?w=300&amp;ssl=1 300w\" sizes=\"(max-width: 150px) 100vw, 150px\" data-recalc-dims=\"1\" \/><\/p>\n<p style=\"text-align: center;\"><img data-attachment-id=\"141\" data-permalink=\"https:\/\/einformatyka.com.pl\/index.php\/o-nas\/zaklad-kominiarski-jaroslaw-fajfrzyk\/\" data-orig-file=\"https:\/\/i0.wp.com\/einformatyka.com.pl\/wp-content\/uploads\/2018\/06\/zaklad-kominiarski-jaroslaw-fajfrzyk.jpg?fit=300%2C300&amp;ssl=1\" data-orig-size=\"300,300\" data-comments-opened=\"1\" data-image-meta=\"{&quot;aperture&quot;:&quot;0&quot;,&quot;credit&quot;:&quot;&quot;,&quot;camera&quot;:&quot;&quot;,&quot;caption&quot;:&quot;&quot;,&quot;created_timestamp&quot;:&quot;0&quot;,&quot;copyright&quot;:&quot;&quot;,&quot;focal_length&quot;:&quot;0&quot;,&quot;iso&quot;:&quot;0&quot;,&quot;shutter_speed&quot;:&quot;0&quot;,&quot;title&quot;:&quot;&quot;,&quot;orientation&quot;:&quot;0&quot;}\" data-image-title=\"Zak\u0142ad Kominiarski Jaros\u0142aw Fajfrzyk\" data-image-description=\"&lt;p&gt;Zak\u0142ad Kominiarski Jaros\u0142aw Fajfrzyk&lt;\/p&gt;\n\" data-image-caption=\"&lt;p&gt;Zak\u0142ad Kominiarski Jaros\u0142aw Fajfrzyk&lt;\/p&gt;\n\" data-medium-file=\"https:\/\/i0.wp.com\/einformatyka.com.pl\/wp-content\/uploads\/2018\/06\/zaklad-kominiarski-jaroslaw-fajfrzyk.jpg?fit=300%2C300&amp;ssl=1\" data-large-file=\"https:\/\/i0.wp.com\/einformatyka.com.pl\/wp-content\/uploads\/2018\/06\/zaklad-kominiarski-jaroslaw-fajfrzyk.jpg?fit=300%2C300&amp;ssl=1\" decoding=\"async\" loading=\"lazy\" class=\"wp-image-141 size-thumbnail alignleft\" title=\"Zak\u0142ad Kominiarski Jaros\u0142aw Fajfrzyk\" src=\"https:\/\/i0.wp.com\/einformatyka.com.pl\/wp-content\/uploads\/2018\/06\/zaklad-kominiarski-jaroslaw-fajfrzyk.jpg?resize=150%2C150&#038;ssl=1\" alt=\"Zak\u0142ad Kominiarski Jaros\u0142aw Fajfrzyk\" width=\"150\" height=\"150\" align=\"left\" srcset=\"https:\/\/i0.wp.com\/einformatyka.com.pl\/wp-content\/uploads\/2018\/06\/zaklad-kominiarski-jaroslaw-fajfrzyk.jpg?resize=150%2C150&amp;ssl=1 150w, https:\/\/i0.wp.com\/einformatyka.com.pl\/wp-content\/uploads\/2018\/06\/zaklad-kominiarski-jaroslaw-fajfrzyk.jpg?resize=100%2C100&amp;ssl=1 100w, https:\/\/i0.wp.com\/einformatyka.com.pl\/wp-content\/uploads\/2018\/06\/zaklad-kominiarski-jaroslaw-fajfrzyk.jpg?w=300&amp;ssl=1 300w\" sizes=\"(max-width: 150px) 100vw, 150px\" data-recalc-dims=\"1\" \/><\/p>\n<p>\u00a0<\/p>\n<p>\u00a0<\/p>\n<p>\u00a0<\/p>\n<p>\u00a0<\/p>\n<p>\u00a0<\/p>\n<p>\u00a0<\/p>\n<p>\u00a0<\/p>\n<p>\u00a0<\/p>\n<p>\u00a0<\/p>\n\n\n<hr class=\"wp-block-separator\"\/>\n\n\n\n<p>Ka\u017cdy przedsi\u0119biorca wie jak wa\u017cny jest sta\u0142y rozw\u00f3j firmy. W dzisiejszych czasach trudno wyobrazi\u0107 sobie dynamicznie rozwijaj\u0105c\u0105 si\u0119 firm\u0119 nie inwestuj\u0105c\u0105 w nowe technologie. Pomagaj\u0105 one nie tylko przy\u015bpieszy\u0107 komunikacj\u0119 ale tak\u017ce cz\u0119\u015bciowo lub ca\u0142kowicie zautomatyzowa\u0107 niekt\u00f3re procesy co w znacznym stopniu minimalizuje koszty. Pozwalaj\u0105 one tak\u017ce dociera\u0107 do nowych klient\u00f3w. Estetyczna i dobrze spozycjonowana strona sprawi \u017ce pa\u0144stwa us\u0142ugi b\u0119d\u0105 \u0142atwe do znalezienia w sieci.<\/p>\n\n\n\n<p>Na rynku istnieje jednak tysi\u0105ce rozwi\u0105za\u0144 przez co znalezienie odpowiedniego mo\u017ce by\u0107 bardzo trudne. Dla tego korzystaj\u0105c z naszego bogatego do\u015bwiadczenia pomagamy naszym klientom dobra\u0107 najbardziej odpowiednie dla nich technologie oraz je zastosowa\u0107. Zapewniamy r\u00f3wnie\u017c kompleksowe us\u0142ugi informatyczne od sprzeda\u017cy sprz\u0119tu, przygotowania oraz utrzymania serwerowni, pisania oraz pozycjonowania stron internetowych po obs\u0142ug\u0119 u\u017cytkownik\u00f3w.<\/p>\n<div class=\"sharedaddy sd-sharing-enabled\"><div class=\"robots-nocontent sd-block sd-social sd-social-icon-text sd-sharing\"><h3 class=\"sd-title\">Share this:<\/h3><div class=\"sd-content\"><ul><li><a href=\"#\" class=\"sharing-anchor sd-button share-more\"><span>Share<\/span><\/a><\/li><li class=\"share-end\"><\/li><\/ul><div class=\"sharing-hidden\"><div class=\"inner\" style=\"display: none;\"><ul><li class=\"share-twitter\"><a rel=\"nofollow noopener noreferrer\" data-shared=\"sharing-twitter-124\" class=\"share-twitter sd-button share-icon\" href=\"https:\/\/einformatyka.com.pl\/index.php\/o-nas\/?share=twitter\" target=\"_blank\" title=\"Click to share on Twitter\" ><span>Twitter<\/span><\/a><\/li><li class=\"share-print\"><a rel=\"nofollow noopener noreferrer\" data-shared=\"\" class=\"share-print sd-button share-icon\" href=\"https:\/\/einformatyka.com.pl\/index.php\/o-nas\/\" target=\"_blank\" title=\"Click to print\" ><span>Print<\/span><\/a><\/li><li class=\"share-end\"><\/li><li class=\"share-facebook\"><a rel=\"nofollow noopener noreferrer\" data-shared=\"sharing-facebook-124\" class=\"share-facebook sd-button share-icon\" href=\"https:\/\/einformatyka.com.pl\/index.php\/o-nas\/?share=facebook\" target=\"_blank\" title=\"Click to share on Facebook\" ><span>Facebook<\/span><\/a><\/li><li class=\"share-end\"><\/li><\/ul><\/div><\/div><\/div><\/div><\/div>","protected":false},"excerpt":{"rendered":"<p>Einformatyka dzia\u0142a na Polskim rynku od roku 2015 \u015bwiadcz\u0105c us\u0142ugi informatyczne dla os\u00f3b prywatnych oraz ma\u0142ych i \u015brednich firm.\u00a0 Nasze do\u015bwiadczenie zdobywali\u015bmy wsp\u00f3\u0142pracuj\u0105c z firmami takimi jak: Grupa K\u0119ty, Aluprof, Beskidzkie Biuro Konsultingowe, Gk Vip<a class=\"read-more\" href=\"https:\/\/einformatyka.com.pl\/index.php\/o-nas\/\">Continue reading<\/a><\/p>\n<div class=\"sharedaddy sd-sharing-enabled\"><div class=\"robots-nocontent sd-block sd-social sd-social-icon-text sd-sharing\"><h3 class=\"sd-title\">Share this:<\/h3><div class=\"sd-content\"><ul><li><a href=\"#\" class=\"sharing-anchor sd-button share-more\"><span>Share<\/span><\/a><\/li><li class=\"share-end\"><\/li><\/ul><div class=\"sharing-hidden\"><div class=\"inner\" style=\"display: none;\"><ul><li class=\"share-twitter\"><a rel=\"nofollow noopener noreferrer\" data-shared=\"sharing-twitter-124\" class=\"share-twitter sd-button share-icon\" href=\"https:\/\/einformatyka.com.pl\/index.php\/o-nas\/?share=twitter\" target=\"_blank\" title=\"Click to share on Twitter\" ><span>Twitter<\/span><\/a><\/li><li class=\"share-print\"><a rel=\"nofollow noopener noreferrer\" data-shared=\"\" class=\"share-print sd-button share-icon\" href=\"https:\/\/einformatyka.com.pl\/index.php\/o-nas\/\" target=\"_blank\" title=\"Click to print\" ><span>Print<\/span><\/a><\/li><li class=\"share-end\"><\/li><li class=\"share-facebook\"><a rel=\"nofollow noopener noreferrer\" data-shared=\"sharing-facebook-124\" class=\"share-facebook sd-button share-icon\" href=\"https:\/\/einformatyka.com.pl\/index.php\/o-nas\/?share=facebook\" target=\"_blank\" title=\"Click to share on Facebook\" ><span>Facebook<\/span><\/a><\/li><li class=\"share-end\"><\/li><\/ul><\/div><\/div><\/div><\/div><\/div>","protected":false},"author":1,"featured_media":0,"parent":0,"menu_order":0,"comment_status":"closed","ping_status":"closed","template":"","meta":{"jetpack_post_was_ever_published":false},"yoast_head":"<!-- This site is optimized with the Yoast SEO plugin v19.9 - https:\/\/yoast.com\/wordpress\/plugins\/seo\/ -->\n<title>O nas - Einformatyka<\/title>\n<meta name=\"description\" content=\"Einformatyka dzia\u0142a na Polskim rynku od roku 2015 \u015bwiadcz\u0105c us\u0142ugi informatyczne dla os\u00f3b prywatnych oraz ma\u0142ych i \u015brednich firm.\u00a0\" \/>\n<meta name=\"robots\" content=\"index, follow, max-snippet:-1, max-image-preview:large, max-video-preview:-1\" \/>\n<link rel=\"canonical\" href=\"https:\/\/einformatyka.com.pl\/index.php\/o-nas\/\" \/>\n<meta property=\"og:locale\" content=\"pl_PL\" \/>\n<meta property=\"og:type\" content=\"article\" \/>\n<meta property=\"og:title\" content=\"O nas - Einformatyka\" \/>\n<meta property=\"og:description\" content=\"Einformatyka dzia\u0142a na Polskim rynku od roku 2015 \u015bwiadcz\u0105c us\u0142ugi informatyczne dla os\u00f3b prywatnych oraz ma\u0142ych i \u015brednich firm.\u00a0\" \/>\n<meta property=\"og:url\" content=\"https:\/\/einformatyka.com.pl\/index.php\/o-nas\/\" \/>\n<meta property=\"og:site_name\" content=\"Einformatyka\" \/>\n<meta property=\"article:publisher\" content=\"https:\/\/www.facebook.com\/einformatyka\/\" \/>\n<meta property=\"article:modified_time\" content=\"2019-03-25T22:25:09+00:00\" \/>\n<meta property=\"og:image\" content=\"https:\/\/einformatyka.com.pl\/wp-content\/uploads\/2018\/06\/Aluprof-1-150x150.png\" \/>\n<meta name=\"twitter:card\" content=\"summary_large_image\" \/>\n<meta name=\"twitter:label1\" content=\"Szacowany czas czytania\" \/>\n\t<meta name=\"twitter:data1\" content=\"1 minuta\" \/>\n<script type=\"application\/ld+json\" class=\"yoast-schema-graph\">{\"@context\":\"https:\/\/schema.org\",\"@graph\":[{\"@type\":\"WebPage\",\"@id\":\"https:\/\/einformatyka.com.pl\/index.php\/o-nas\/\",\"url\":\"https:\/\/einformatyka.com.pl\/index.php\/o-nas\/\",\"name\":\"O nas - Einformatyka\",\"isPartOf\":{\"@id\":\"https:\/\/einformatyka.com.pl\/#website\"},\"datePublished\":\"2018-06-13T17:16:19+00:00\",\"dateModified\":\"2019-03-25T22:25:09+00:00\",\"description\":\"Einformatyka dzia\u0142a na Polskim rynku od roku 2015 \u015bwiadcz\u0105c us\u0142ugi informatyczne dla os\u00f3b prywatnych oraz ma\u0142ych i \u015brednich firm.\u00a0\",\"breadcrumb\":{\"@id\":\"https:\/\/einformatyka.com.pl\/index.php\/o-nas\/#breadcrumb\"},\"inLanguage\":\"pl-PL\",\"potentialAction\":[{\"@type\":\"ReadAction\",\"target\":[\"https:\/\/einformatyka.com.pl\/index.php\/o-nas\/\"]}]},{\"@type\":\"BreadcrumbList\",\"@id\":\"https:\/\/einformatyka.com.pl\/index.php\/o-nas\/#breadcrumb\",\"itemListElement\":[{\"@type\":\"ListItem\",\"position\":1,\"name\":\"Strona g\u0142\u00f3wna\",\"item\":\"https:\/\/einformatyka.com.pl\/\"},{\"@type\":\"ListItem\",\"position\":2,\"name\":\"O nas\"}]},{\"@type\":\"WebSite\",\"@id\":\"https:\/\/einformatyka.com.pl\/#website\",\"url\":\"https:\/\/einformatyka.com.pl\/\",\"name\":\"Einformatyka\",\"description\":\"Us\u0142ugi informatyczne\",\"publisher\":{\"@id\":\"https:\/\/einformatyka.com.pl\/#organization\"},\"potentialAction\":[{\"@type\":\"SearchAction\",\"target\":{\"@type\":\"EntryPoint\",\"urlTemplate\":\"https:\/\/einformatyka.com.pl\/?s={search_term_string}\"},\"query-input\":\"required name=search_term_string\"}],\"inLanguage\":\"pl-PL\"},{\"@type\":\"Organization\",\"@id\":\"https:\/\/einformatyka.com.pl\/#organization\",\"name\":\"Einformatyka\",\"url\":\"https:\/\/einformatyka.com.pl\/\",\"logo\":{\"@type\":\"ImageObject\",\"inLanguage\":\"pl-PL\",\"@id\":\"https:\/\/einformatyka.com.pl\/#\/schema\/logo\/image\/\",\"url\":\"https:\/\/i0.wp.com\/einformatyka.com.pl\/wp-content\/uploads\/2018\/06\/Einformatyka-logo-1.png?fit=3658%2C1122&ssl=1\",\"contentUrl\":\"https:\/\/i0.wp.com\/einformatyka.com.pl\/wp-content\/uploads\/2018\/06\/Einformatyka-logo-1.png?fit=3658%2C1122&ssl=1\",\"width\":3658,\"height\":1122,\"caption\":\"Einformatyka\"},\"image\":{\"@id\":\"https:\/\/einformatyka.com.pl\/#\/schema\/logo\/image\/\"},\"sameAs\":[\"https:\/\/www.facebook.com\/einformatyka\/\"]}]}<\/script>\n<!-- \/ Yoast SEO plugin. -->","yoast_head_json":{"title":"O nas - Einformatyka","description":"Einformatyka dzia\u0142a na Polskim rynku od roku 2015 \u015bwiadcz\u0105c us\u0142ugi informatyczne dla os\u00f3b prywatnych oraz ma\u0142ych i \u015brednich firm.\u00a0","robots":{"index":"index","follow":"follow","max-snippet":"max-snippet:-1","max-image-preview":"max-image-preview:large","max-video-preview":"max-video-preview:-1"},"canonical":"https:\/\/einformatyka.com.pl\/index.php\/o-nas\/","og_locale":"pl_PL","og_type":"article","og_title":"O nas - Einformatyka","og_description":"Einformatyka dzia\u0142a na Polskim rynku od roku 2015 \u015bwiadcz\u0105c us\u0142ugi informatyczne dla os\u00f3b prywatnych oraz ma\u0142ych i \u015brednich firm.\u00a0","og_url":"https:\/\/einformatyka.com.pl\/index.php\/o-nas\/","og_site_name":"Einformatyka","article_publisher":"https:\/\/www.facebook.com\/einformatyka\/","article_modified_time":"2019-03-25T22:25:09+00:00","og_image":[{"url":"https:\/\/einformatyka.com.pl\/wp-content\/uploads\/2018\/06\/Aluprof-1-150x150.png"}],"twitter_card":"summary_large_image","twitter_misc":{"Szacowany czas czytania":"1 minuta"},"schema":{"@context":"https:\/\/schema.org","@graph":[{"@type":"WebPage","@id":"https:\/\/einformatyka.com.pl\/index.php\/o-nas\/","url":"https:\/\/einformatyka.com.pl\/index.php\/o-nas\/","name":"O nas - Einformatyka","isPartOf":{"@id":"https:\/\/einformatyka.com.pl\/#website"},"datePublished":"2018-06-13T17:16:19+00:00","dateModified":"2019-03-25T22:25:09+00:00","description":"Einformatyka dzia\u0142a na Polskim rynku od roku 2015 \u015bwiadcz\u0105c us\u0142ugi informatyczne dla os\u00f3b prywatnych oraz ma\u0142ych i \u015brednich firm.\u00a0","breadcrumb":{"@id":"https:\/\/einformatyka.com.pl\/index.php\/o-nas\/#breadcrumb"},"inLanguage":"pl-PL","potentialAction":[{"@type":"ReadAction","target":["https:\/\/einformatyka.com.pl\/index.php\/o-nas\/"]}]},{"@type":"BreadcrumbList","@id":"https:\/\/einformatyka.com.pl\/index.php\/o-nas\/#breadcrumb","itemListElement":[{"@type":"ListItem","position":1,"name":"Strona g\u0142\u00f3wna","item":"https:\/\/einformatyka.com.pl\/"},{"@type":"ListItem","position":2,"name":"O nas"}]},{"@type":"WebSite","@id":"https:\/\/einformatyka.com.pl\/#website","url":"https:\/\/einformatyka.com.pl\/","name":"Einformatyka","description":"Us\u0142ugi informatyczne","publisher":{"@id":"https:\/\/einformatyka.com.pl\/#organization"},"potentialAction":[{"@type":"SearchAction","target":{"@type":"EntryPoint","urlTemplate":"https:\/\/einformatyka.com.pl\/?s={search_term_string}"},"query-input":"required name=search_term_string"}],"inLanguage":"pl-PL"},{"@type":"Organization","@id":"https:\/\/einformatyka.com.pl\/#organization","name":"Einformatyka","url":"https:\/\/einformatyka.com.pl\/","logo":{"@type":"ImageObject","inLanguage":"pl-PL","@id":"https:\/\/einformatyka.com.pl\/#\/schema\/logo\/image\/","url":"https:\/\/i0.wp.com\/einformatyka.com.pl\/wp-content\/uploads\/2018\/06\/Einformatyka-logo-1.png?fit=3658%2C1122&ssl=1","contentUrl":"https:\/\/i0.wp.com\/einformatyka.com.pl\/wp-content\/uploads\/2018\/06\/Einformatyka-logo-1.png?fit=3658%2C1122&ssl=1","width":3658,"height":1122,"caption":"Einformatyka"},"image":{"@id":"https:\/\/einformatyka.com.pl\/#\/schema\/logo\/image\/"},"sameAs":["https:\/\/www.facebook.com\/einformatyka\/"]}]}},"jetpack_sharing_enabled":true,"jetpack_shortlink":"https:\/\/wp.me\/Pabt0O-20","jetpack_likes_enabled":true,"jetpack-related-posts":[],"_links":{"self":[{"href":"https:\/\/einformatyka.com.pl\/index.php\/wp-json\/wp\/v2\/pages\/124"}],"collection":[{"href":"https:\/\/einformatyka.com.pl\/index.php\/wp-json\/wp\/v2\/pages"}],"about":[{"href":"https:\/\/einformatyka.com.pl\/index.php\/wp-json\/wp\/v2\/types\/page"}],"author":[{"embeddable":true,"href":"https:\/\/einformatyka.com.pl\/index.php\/wp-json\/wp\/v2\/users\/1"}],"replies":[{"embeddable":true,"href":"https:\/\/einformatyka.com.pl\/index.php\/wp-json\/wp\/v2\/comments?post=124"}],"version-history":[{"count":0,"href":"https:\/\/einformatyka.com.pl\/index.php\/wp-json\/wp\/v2\/pages\/124\/revisions"}],"wp:attachment":[{"href":"https:\/\/einformatyka.com.pl\/index.php\/wp-json\/wp\/v2\/media?parent=124"}],"curies":[{"name":"wp","href":"https:\/\/api.w.org\/{rel}","templated":true}]}}