{"id":272,"date":"2018-07-31T21:48:35","date_gmt":"2018-07-31T19:48:35","guid":{"rendered":"https:\/\/einformatyka.com.pl\/?page_id=272"},"modified":"2018-08-01T07:28:53","modified_gmt":"2018-08-01T05:28:53","slug":"webowe-aplikacje-produkcyjne-aplikacje-udostepniane-przez-siec","status":"publish","type":"page","link":"https:\/\/einformatyka.com.pl\/index.php\/webowe-aplikacje-produkcyjne-aplikacje-udostepniane-przez-siec\/","title":{"rendered":"Webowe aplikacje produkcyjne (aplikacje udost\u0119pniane przez sie\u0107)"},"content":{"rendered":"<p><img data-attachment-id=\"273\" data-permalink=\"https:\/\/einformatyka.com.pl\/index.php\/webowe-aplikacje-produkcyjne-aplikacje-udostepniane-przez-siec\/webowe-aplikacje-produkcyjne\/\" data-orig-file=\"https:\/\/i0.wp.com\/einformatyka.com.pl\/wp-content\/uploads\/2018\/07\/Webowe-aplikacje-produkcyjne.png?fit=920%2C564&amp;ssl=1\" data-orig-size=\"920,564\" data-comments-opened=\"1\" data-image-meta=\"{&quot;aperture&quot;:&quot;0&quot;,&quot;credit&quot;:&quot;&quot;,&quot;camera&quot;:&quot;&quot;,&quot;caption&quot;:&quot;&quot;,&quot;created_timestamp&quot;:&quot;0&quot;,&quot;copyright&quot;:&quot;&quot;,&quot;focal_length&quot;:&quot;0&quot;,&quot;iso&quot;:&quot;0&quot;,&quot;shutter_speed&quot;:&quot;0&quot;,&quot;title&quot;:&quot;&quot;,&quot;orientation&quot;:&quot;0&quot;}\" data-image-title=\"Webowe aplikacje produkcyjne\" data-image-description=\"&lt;p&gt;Webowe aplikacje produkcyjne&lt;\/p&gt;\n\" data-image-caption=\"&lt;p&gt;Webowe aplikacje produkcyjne&lt;\/p&gt;\n\" data-medium-file=\"https:\/\/i0.wp.com\/einformatyka.com.pl\/wp-content\/uploads\/2018\/07\/Webowe-aplikacje-produkcyjne.png?fit=300%2C184&amp;ssl=1\" data-large-file=\"https:\/\/i0.wp.com\/einformatyka.com.pl\/wp-content\/uploads\/2018\/07\/Webowe-aplikacje-produkcyjne.png?fit=920%2C564&amp;ssl=1\" decoding=\"async\" class=\"size-full wp-image-273\" title=\"Webowe aplikacje produkcyjne (aplikacje udost\u0119pniane przez sie\u0107)\" src=\"https:\/\/i0.wp.com\/einformatyka.com.pl\/wp-content\/uploads\/2018\/07\/Webowe-aplikacje-produkcyjne.png?w=1170&#038;ssl=1\" alt=\"Webowe aplikacje produkcyjne (aplikacje udost\u0119pniane przez sie\u0107)\" align=\"left\" srcset=\"https:\/\/i0.wp.com\/einformatyka.com.pl\/wp-content\/uploads\/2018\/07\/Webowe-aplikacje-produkcyjne.png?w=920&amp;ssl=1 920w, https:\/\/i0.wp.com\/einformatyka.com.pl\/wp-content\/uploads\/2018\/07\/Webowe-aplikacje-produkcyjne.png?resize=300%2C184&amp;ssl=1 300w, https:\/\/i0.wp.com\/einformatyka.com.pl\/wp-content\/uploads\/2018\/07\/Webowe-aplikacje-produkcyjne.png?resize=768%2C471&amp;ssl=1 768w, https:\/\/i0.wp.com\/einformatyka.com.pl\/wp-content\/uploads\/2018\/07\/Webowe-aplikacje-produkcyjne.png?resize=520%2C319&amp;ssl=1 520w, https:\/\/i0.wp.com\/einformatyka.com.pl\/wp-content\/uploads\/2018\/07\/Webowe-aplikacje-produkcyjne.png?resize=740%2C454&amp;ssl=1 740w, https:\/\/i0.wp.com\/einformatyka.com.pl\/wp-content\/uploads\/2018\/07\/Webowe-aplikacje-produkcyjne.png?resize=600%2C368&amp;ssl=1 600w\" sizes=\"(max-width: 920px) 100vw, 920px\" data-recalc-dims=\"1\" \/><\/p>\n<p>Obecnie coraz cz\u0119\u015bciej w firmach mo\u017cna spotka\u0107 webowe aplikacje produkcyjne (aplikacje udost\u0119pniane przez sie\u0107). Pomagaj\u0105 one w szkoleniu pracownik\u00f3w (platforma edukacyjna Moodle), u\u0142atwiaj\u0105 zarz\u0105dzanie rozbudowanymi projektami (Redmine) a nawet umo\u017cliwiaj\u0105 kompleksowe zarz\u0105dzanie ca\u0142\u0105 firm\u0105 od magazynu po ksi\u0119gowo\u015b\u0107. Nie wymagaj\u0105 instalacji dodatkowego oprogramowania na stacjach ko\u0144cowych. Dzia\u0142aj\u0105 na wi\u0119kszo\u015bci system\u00f3w operacyjnych Windows, Linux, Mac. Dane s\u0105 scentralizowane co bardzo u\u0142atwia proces tworzenia kopii bezpiecze\u0144stwa.<\/p>\n<p>&nbsp;<\/p>\n<h2>Skalowalno\u015b\u0107<\/h2>\n<p>Dzi\u0119ki zastosowaniu webowych aplikacji produkcyjnych mo\u017cemy precyzyjnie okre\u015bli\u0107 kto ma do niej dost\u0119p. Odpowiednio modyfikuj\u0105c serwer oraz \u015brodowisko, w kt\u00f3rym ona dzia\u0142a mo\u017cna zdefiniowa\u0107 w jakich sieciach b\u0119dzie dost\u0119pna:<\/p>\n<ul>\n<li>Tylko okre\u015blone adresy IP<\/li>\n<li>Tylko sie\u0107 lokalna<\/li>\n<li>Tylko zdefiniowane sieci \u2013 np. w przypadku po\u0142\u0105czneia wielu oddzia\u0142\u00f3w firmy za pomoc\u0105 VPN-u. Zastosowanie szyfrowanego po\u0142\u0105czenia mi\u0119dzy lokalizacjami pozwoli na bezpieczny dost\u0119p do programu bez konieczno\u015bci jego udost\u0119pniania w sieci Internet.<\/li>\n<li>Udost\u0119pnienie aplikacji w sieci Internet \u2013 dost\u0119p do programu ma ka\u017cdy.<\/li>\n<li>Inne \u2013 Po po\u0142\u0105czeniu z domen\u0105 lub innymi systemami mog\u0105 one zarz\u0105dza\u0107 dost\u0119pem oraz has\u0142ami<\/li>\n<\/ul>\n<p>Us\u0142ugi katalogowe (Active Directory) pozwalaj\u0105 na zsynchronizowanie has\u0142a systemowego u\u017cytkownika z aplikacj\u0105 oraz zarz\u0105dzanie dost\u0119pem za pomoc\u0105 AD.<\/p>\n<h2>\u0141atwy dost\u0119p<\/h2>\n<p>Zastosowanie oprogramowania dzia\u0142aj\u0105cego w przegl\u0105darce internetowej nie wymaga instalacji dodatkowych sk\u0142adnik\u00f3w systemu. Ponadto b\u0119dzie ono dzia\u0142a\u0107 w wi\u0119kszo\u015bci system\u00f3w operacyjnych: Windows, Linux, Mac a nawet Android. Wystarczy smartfon z dost\u0119pem do Internetu.<\/p>\n<h2>Bezpiecze\u0144stwo<\/h2>\n<p>Cho\u0107 wydaje si\u0119, \u017ce tego typu rozwi\u0105zania nie s\u0105 bezpieczne to wszystko zale\u017cy od konfiguracji systemu i samej aplikacji. Nawet w przypadku udost\u0119pniania jej przez Internet mo\u017cne ona zapewni\u0107 wysoki poziom bezpiecze\u0144stwa. Dost\u0119p mo\u017cna ograniczy\u0107 za pomoc\u0105 hase\u0142, szyfrowania przesy\u0142anych informacji lub ca\u0142ego po\u0142\u0105czenia mi\u0119dzy serwerem a stacj\u0105 ko\u0144cow\u0105. Umo\u017cliwiaj\u0105 one r\u00f3wnie\u017c ograniczenie dost\u0119pu do plik\u00f3w programu oraz bazy danych.<\/p>\n<p>Je\u015bli aplikacja webowa dzia\u0142a dodatkowo w odizolowanej od Internetu sieci wewn\u0119trznej to atak na ni\u0105 jest jeszcze trudniejszy, poniewa\u017c nie przechowuje ona danych na stacji ko\u0144cowej tylko serwerze.<\/p>\n<h2>Centralizacja danych i Backup<\/h2>\n<p>Dzi\u0119ki umieszczeniu wszystkich plik\u00f3w programu oraz bazy danych na jednym serwerze (lub grupie np. w przypadku wysokodost\u0119pnych klastr\u00f3w) administrator mo\u017ce w prosty i szybki spos\u00f3b nimi zarz\u0105dza\u0107. Nigdy r\u00f3wnie\u017c nie zdarzy si\u0119 utrata danych wynikaj\u0105ca np. z uszkodzenia stacji ko\u0144cowej.<\/p>\n<p>Centralizacja danych sprawia, \u017ce konfiguracja ich automatycznego Backupu jest wyj\u0105tkowo prosta.<\/p>\n<h2>Wady<\/h2>\n<p>Nawet najlepsze oprogramowanie ma wady. Tak jest i w tym przypadku. Brak plik\u00f3w przechowywanych na komputerze u\u017cytkownika wcze\u015bniej by\u0142o wymienione jako zaleta. Niestety w przypadku nag\u0142ej utraty dost\u0119pu do sieci, w kt\u00f3rej dzia\u0142a aplikacja mo\u017ce spowodowa\u0107 utrat\u0119 danych, na kt\u00f3rych aktualnie pracowali\u015bmy (a przynajmniej do czasu ostatniego ich zapisu).<\/p>\n<p>&nbsp;<\/p>\n<p>Podsumowuj\u0105c. Opr\u00f3cz braku odporno\u015bci na utrat\u0119 po\u0142\u0105czenia z serwerem webowe aplikacje produkcyjne posiadaj\u0105 wiele zalet. Warto wi\u0119c rozwa\u017cy\u0107 zastosowanie tego typu rozwi\u0105za\u0144 w swojej firmie.<\/p>\n<p>Wi\u0119cej artyku\u0142\u00f3w:\u00a0<a href=\"https:\/\/einformatyka.com.pl\/index.php\/artykuly-poradniki-materialy-informacyjne-instrukcje\/\">https:\/\/einformatyka.com.pl\/index.php\/artykuly-poradniki-materialy-informacyjne-instrukcje\/<\/a><\/p>\n<div class=\"sharedaddy sd-sharing-enabled\"><div class=\"robots-nocontent sd-block sd-social sd-social-icon-text sd-sharing\"><h3 class=\"sd-title\">Share this:<\/h3><div class=\"sd-content\"><ul><li><a href=\"#\" class=\"sharing-anchor sd-button share-more\"><span>Share<\/span><\/a><\/li><li class=\"share-end\"><\/li><\/ul><div class=\"sharing-hidden\"><div class=\"inner\" style=\"display: none;\"><ul><li class=\"share-twitter\"><a rel=\"nofollow noopener noreferrer\" data-shared=\"sharing-twitter-272\" class=\"share-twitter sd-button share-icon\" href=\"https:\/\/einformatyka.com.pl\/index.php\/webowe-aplikacje-produkcyjne-aplikacje-udostepniane-przez-siec\/?share=twitter\" target=\"_blank\" title=\"Click to share on Twitter\" ><span>Twitter<\/span><\/a><\/li><li class=\"share-print\"><a rel=\"nofollow noopener noreferrer\" data-shared=\"\" class=\"share-print sd-button share-icon\" href=\"https:\/\/einformatyka.com.pl\/index.php\/webowe-aplikacje-produkcyjne-aplikacje-udostepniane-przez-siec\/\" target=\"_blank\" title=\"Click to print\" ><span>Print<\/span><\/a><\/li><li class=\"share-end\"><\/li><li class=\"share-facebook\"><a rel=\"nofollow noopener noreferrer\" data-shared=\"sharing-facebook-272\" class=\"share-facebook sd-button share-icon\" href=\"https:\/\/einformatyka.com.pl\/index.php\/webowe-aplikacje-produkcyjne-aplikacje-udostepniane-przez-siec\/?share=facebook\" target=\"_blank\" title=\"Click to share on Facebook\" ><span>Facebook<\/span><\/a><\/li><li class=\"share-end\"><\/li><\/ul><\/div><\/div><\/div><\/div><\/div>","protected":false},"excerpt":{"rendered":"<p>Obecnie coraz cz\u0119\u015bciej w firmach mo\u017cna spotka\u0107 webowe aplikacje produkcyjne (aplikacje udost\u0119pniane przez sie\u0107). Pomagaj\u0105 one w szkoleniu pracownik\u00f3w (platforma edukacyjna Moodle), u\u0142atwiaj\u0105 zarz\u0105dzanie rozbudowanymi projektami (Redmine) a nawet umo\u017cliwiaj\u0105 kompleksowe zarz\u0105dzanie ca\u0142\u0105 firm\u0105 od<a class=\"read-more\" href=\"https:\/\/einformatyka.com.pl\/index.php\/webowe-aplikacje-produkcyjne-aplikacje-udostepniane-przez-siec\/\">Continue reading<\/a><\/p>\n<div class=\"sharedaddy sd-sharing-enabled\"><div class=\"robots-nocontent sd-block sd-social sd-social-icon-text sd-sharing\"><h3 class=\"sd-title\">Share this:<\/h3><div class=\"sd-content\"><ul><li><a href=\"#\" class=\"sharing-anchor sd-button share-more\"><span>Share<\/span><\/a><\/li><li class=\"share-end\"><\/li><\/ul><div class=\"sharing-hidden\"><div class=\"inner\" style=\"display: none;\"><ul><li class=\"share-twitter\"><a rel=\"nofollow noopener noreferrer\" data-shared=\"sharing-twitter-272\" class=\"share-twitter sd-button share-icon\" href=\"https:\/\/einformatyka.com.pl\/index.php\/webowe-aplikacje-produkcyjne-aplikacje-udostepniane-przez-siec\/?share=twitter\" target=\"_blank\" title=\"Click to share on Twitter\" ><span>Twitter<\/span><\/a><\/li><li class=\"share-print\"><a rel=\"nofollow noopener noreferrer\" data-shared=\"\" class=\"share-print sd-button share-icon\" href=\"https:\/\/einformatyka.com.pl\/index.php\/webowe-aplikacje-produkcyjne-aplikacje-udostepniane-przez-siec\/\" target=\"_blank\" title=\"Click to print\" ><span>Print<\/span><\/a><\/li><li class=\"share-end\"><\/li><li class=\"share-facebook\"><a rel=\"nofollow noopener noreferrer\" data-shared=\"sharing-facebook-272\" class=\"share-facebook sd-button share-icon\" href=\"https:\/\/einformatyka.com.pl\/index.php\/webowe-aplikacje-produkcyjne-aplikacje-udostepniane-przez-siec\/?share=facebook\" target=\"_blank\" title=\"Click to share on Facebook\" ><span>Facebook<\/span><\/a><\/li><li class=\"share-end\"><\/li><\/ul><\/div><\/div><\/div><\/div><\/div>","protected":false},"author":1,"featured_media":0,"parent":0,"menu_order":0,"comment_status":"closed","ping_status":"closed","template":"","meta":{"jetpack_post_was_ever_published":false},"yoast_head":"<!-- This site is optimized with the Yoast SEO plugin v19.9 - https:\/\/yoast.com\/wordpress\/plugins\/seo\/ -->\n<title>Webowe aplikacje produkcyjne (aplikacje udost\u0119pniane przez sie\u0107)<\/title>\n<meta name=\"description\" content=\"Pomagaj\u0105 one w szkoleniu pracownik\u00f3w (platforma edukacyjna Moodle), u\u0142atwiaj\u0105 zarz\u0105dzanie rozbudowanymi projektami (Redmine) a nawet umo\u017cliwiaj\u0105 ...\" \/>\n<meta name=\"robots\" content=\"index, follow, max-snippet:-1, max-image-preview:large, max-video-preview:-1\" \/>\n<link rel=\"canonical\" href=\"https:\/\/einformatyka.com.pl\/index.php\/webowe-aplikacje-produkcyjne-aplikacje-udostepniane-przez-siec\/\" \/>\n<meta property=\"og:locale\" content=\"pl_PL\" \/>\n<meta property=\"og:type\" content=\"article\" \/>\n<meta property=\"og:title\" content=\"Webowe aplikacje produkcyjne (aplikacje udost\u0119pniane przez sie\u0107)\" \/>\n<meta property=\"og:description\" content=\"Pomagaj\u0105 one w szkoleniu pracownik\u00f3w (platforma edukacyjna Moodle), u\u0142atwiaj\u0105 zarz\u0105dzanie rozbudowanymi projektami (Redmine) a nawet umo\u017cliwiaj\u0105 ...\" \/>\n<meta property=\"og:url\" content=\"https:\/\/einformatyka.com.pl\/index.php\/webowe-aplikacje-produkcyjne-aplikacje-udostepniane-przez-siec\/\" \/>\n<meta property=\"og:site_name\" content=\"Einformatyka\" \/>\n<meta property=\"article:publisher\" content=\"https:\/\/www.facebook.com\/einformatyka\/\" \/>\n<meta property=\"article:modified_time\" content=\"2018-08-01T05:28:53+00:00\" \/>\n<meta property=\"og:image\" content=\"https:\/\/einformatyka.com.pl\/wp-content\/uploads\/2018\/07\/Webowe-aplikacje-produkcyjne.png\" \/>\n<meta name=\"twitter:card\" content=\"summary_large_image\" \/>\n<meta name=\"twitter:label1\" content=\"Szacowany czas czytania\" \/>\n\t<meta name=\"twitter:data1\" content=\"3 minuty\" \/>\n<script type=\"application\/ld+json\" class=\"yoast-schema-graph\">{\"@context\":\"https:\/\/schema.org\",\"@graph\":[{\"@type\":\"WebPage\",\"@id\":\"https:\/\/einformatyka.com.pl\/index.php\/webowe-aplikacje-produkcyjne-aplikacje-udostepniane-przez-siec\/\",\"url\":\"https:\/\/einformatyka.com.pl\/index.php\/webowe-aplikacje-produkcyjne-aplikacje-udostepniane-przez-siec\/\",\"name\":\"Webowe aplikacje produkcyjne (aplikacje udost\u0119pniane przez sie\u0107)\",\"isPartOf\":{\"@id\":\"https:\/\/einformatyka.com.pl\/#website\"},\"datePublished\":\"2018-07-31T19:48:35+00:00\",\"dateModified\":\"2018-08-01T05:28:53+00:00\",\"description\":\"Pomagaj\u0105 one w szkoleniu pracownik\u00f3w (platforma edukacyjna Moodle), u\u0142atwiaj\u0105 zarz\u0105dzanie rozbudowanymi projektami (Redmine) a nawet umo\u017cliwiaj\u0105 ...\",\"breadcrumb\":{\"@id\":\"https:\/\/einformatyka.com.pl\/index.php\/webowe-aplikacje-produkcyjne-aplikacje-udostepniane-przez-siec\/#breadcrumb\"},\"inLanguage\":\"pl-PL\",\"potentialAction\":[{\"@type\":\"ReadAction\",\"target\":[\"https:\/\/einformatyka.com.pl\/index.php\/webowe-aplikacje-produkcyjne-aplikacje-udostepniane-przez-siec\/\"]}]},{\"@type\":\"BreadcrumbList\",\"@id\":\"https:\/\/einformatyka.com.pl\/index.php\/webowe-aplikacje-produkcyjne-aplikacje-udostepniane-przez-siec\/#breadcrumb\",\"itemListElement\":[{\"@type\":\"ListItem\",\"position\":1,\"name\":\"Strona g\u0142\u00f3wna\",\"item\":\"https:\/\/einformatyka.com.pl\/\"},{\"@type\":\"ListItem\",\"position\":2,\"name\":\"Webowe aplikacje produkcyjne (aplikacje udost\u0119pniane przez sie\u0107)\"}]},{\"@type\":\"WebSite\",\"@id\":\"https:\/\/einformatyka.com.pl\/#website\",\"url\":\"https:\/\/einformatyka.com.pl\/\",\"name\":\"Einformatyka\",\"description\":\"Us\u0142ugi informatyczne\",\"publisher\":{\"@id\":\"https:\/\/einformatyka.com.pl\/#organization\"},\"potentialAction\":[{\"@type\":\"SearchAction\",\"target\":{\"@type\":\"EntryPoint\",\"urlTemplate\":\"https:\/\/einformatyka.com.pl\/?s={search_term_string}\"},\"query-input\":\"required name=search_term_string\"}],\"inLanguage\":\"pl-PL\"},{\"@type\":\"Organization\",\"@id\":\"https:\/\/einformatyka.com.pl\/#organization\",\"name\":\"Einformatyka\",\"url\":\"https:\/\/einformatyka.com.pl\/\",\"logo\":{\"@type\":\"ImageObject\",\"inLanguage\":\"pl-PL\",\"@id\":\"https:\/\/einformatyka.com.pl\/#\/schema\/logo\/image\/\",\"url\":\"https:\/\/i0.wp.com\/einformatyka.com.pl\/wp-content\/uploads\/2018\/06\/Einformatyka-logo-1.png?fit=3658%2C1122&ssl=1\",\"contentUrl\":\"https:\/\/i0.wp.com\/einformatyka.com.pl\/wp-content\/uploads\/2018\/06\/Einformatyka-logo-1.png?fit=3658%2C1122&ssl=1\",\"width\":3658,\"height\":1122,\"caption\":\"Einformatyka\"},\"image\":{\"@id\":\"https:\/\/einformatyka.com.pl\/#\/schema\/logo\/image\/\"},\"sameAs\":[\"https:\/\/www.facebook.com\/einformatyka\/\"]}]}<\/script>\n<!-- \/ Yoast SEO plugin. -->","yoast_head_json":{"title":"Webowe aplikacje produkcyjne (aplikacje udost\u0119pniane przez sie\u0107)","description":"Pomagaj\u0105 one w szkoleniu pracownik\u00f3w (platforma edukacyjna Moodle), u\u0142atwiaj\u0105 zarz\u0105dzanie rozbudowanymi projektami (Redmine) a nawet umo\u017cliwiaj\u0105 ...","robots":{"index":"index","follow":"follow","max-snippet":"max-snippet:-1","max-image-preview":"max-image-preview:large","max-video-preview":"max-video-preview:-1"},"canonical":"https:\/\/einformatyka.com.pl\/index.php\/webowe-aplikacje-produkcyjne-aplikacje-udostepniane-przez-siec\/","og_locale":"pl_PL","og_type":"article","og_title":"Webowe aplikacje produkcyjne (aplikacje udost\u0119pniane przez sie\u0107)","og_description":"Pomagaj\u0105 one w szkoleniu pracownik\u00f3w (platforma edukacyjna Moodle), u\u0142atwiaj\u0105 zarz\u0105dzanie rozbudowanymi projektami (Redmine) a nawet umo\u017cliwiaj\u0105 ...","og_url":"https:\/\/einformatyka.com.pl\/index.php\/webowe-aplikacje-produkcyjne-aplikacje-udostepniane-przez-siec\/","og_site_name":"Einformatyka","article_publisher":"https:\/\/www.facebook.com\/einformatyka\/","article_modified_time":"2018-08-01T05:28:53+00:00","og_image":[{"url":"https:\/\/einformatyka.com.pl\/wp-content\/uploads\/2018\/07\/Webowe-aplikacje-produkcyjne.png"}],"twitter_card":"summary_large_image","twitter_misc":{"Szacowany czas czytania":"3 minuty"},"schema":{"@context":"https:\/\/schema.org","@graph":[{"@type":"WebPage","@id":"https:\/\/einformatyka.com.pl\/index.php\/webowe-aplikacje-produkcyjne-aplikacje-udostepniane-przez-siec\/","url":"https:\/\/einformatyka.com.pl\/index.php\/webowe-aplikacje-produkcyjne-aplikacje-udostepniane-przez-siec\/","name":"Webowe aplikacje produkcyjne (aplikacje udost\u0119pniane przez sie\u0107)","isPartOf":{"@id":"https:\/\/einformatyka.com.pl\/#website"},"datePublished":"2018-07-31T19:48:35+00:00","dateModified":"2018-08-01T05:28:53+00:00","description":"Pomagaj\u0105 one w szkoleniu pracownik\u00f3w (platforma edukacyjna Moodle), u\u0142atwiaj\u0105 zarz\u0105dzanie rozbudowanymi projektami (Redmine) a nawet umo\u017cliwiaj\u0105 ...","breadcrumb":{"@id":"https:\/\/einformatyka.com.pl\/index.php\/webowe-aplikacje-produkcyjne-aplikacje-udostepniane-przez-siec\/#breadcrumb"},"inLanguage":"pl-PL","potentialAction":[{"@type":"ReadAction","target":["https:\/\/einformatyka.com.pl\/index.php\/webowe-aplikacje-produkcyjne-aplikacje-udostepniane-przez-siec\/"]}]},{"@type":"BreadcrumbList","@id":"https:\/\/einformatyka.com.pl\/index.php\/webowe-aplikacje-produkcyjne-aplikacje-udostepniane-przez-siec\/#breadcrumb","itemListElement":[{"@type":"ListItem","position":1,"name":"Strona g\u0142\u00f3wna","item":"https:\/\/einformatyka.com.pl\/"},{"@type":"ListItem","position":2,"name":"Webowe aplikacje produkcyjne (aplikacje udost\u0119pniane przez sie\u0107)"}]},{"@type":"WebSite","@id":"https:\/\/einformatyka.com.pl\/#website","url":"https:\/\/einformatyka.com.pl\/","name":"Einformatyka","description":"Us\u0142ugi informatyczne","publisher":{"@id":"https:\/\/einformatyka.com.pl\/#organization"},"potentialAction":[{"@type":"SearchAction","target":{"@type":"EntryPoint","urlTemplate":"https:\/\/einformatyka.com.pl\/?s={search_term_string}"},"query-input":"required name=search_term_string"}],"inLanguage":"pl-PL"},{"@type":"Organization","@id":"https:\/\/einformatyka.com.pl\/#organization","name":"Einformatyka","url":"https:\/\/einformatyka.com.pl\/","logo":{"@type":"ImageObject","inLanguage":"pl-PL","@id":"https:\/\/einformatyka.com.pl\/#\/schema\/logo\/image\/","url":"https:\/\/i0.wp.com\/einformatyka.com.pl\/wp-content\/uploads\/2018\/06\/Einformatyka-logo-1.png?fit=3658%2C1122&ssl=1","contentUrl":"https:\/\/i0.wp.com\/einformatyka.com.pl\/wp-content\/uploads\/2018\/06\/Einformatyka-logo-1.png?fit=3658%2C1122&ssl=1","width":3658,"height":1122,"caption":"Einformatyka"},"image":{"@id":"https:\/\/einformatyka.com.pl\/#\/schema\/logo\/image\/"},"sameAs":["https:\/\/www.facebook.com\/einformatyka\/"]}]}},"jetpack_sharing_enabled":true,"jetpack_shortlink":"https:\/\/wp.me\/Pabt0O-4o","jetpack_likes_enabled":true,"jetpack-related-posts":[{"id":8,"url":"https:\/\/einformatyka.com.pl\/","url_meta":{"origin":272,"position":0},"title":"Uwaga!!! Szanowni klienci dzia\u0142alno\u015b\u0107 firmy\u2026","date":"8 czerwca 2018","format":false,"excerpt":"Uwaga!!! Szanowni klienci dzia\u0142alno\u015b\u0107 firmy Einformatyka zosta\u0142a zawieszona do odwo\u0142ania. \u00a0 Pozycjonowanie - czyli proce polegaj\u0105cy na poprawianiu widoczno\u015bci i pozycji strony internetowej w wyszukiwarkach. Czytaj dalej >>> Strony internetowe\u00a0- Oferujemy przygotowanie stron internetowych w technologii CMS (szybkie tworzenie przy u\u017cyciu szablonu) oraz ich r\u0119czne pisanie w oparciu o j\u0119zyki\u2026","rel":"","context":"Similar post","img":{"alt_text":"","src":"","width":0,"height":0},"classes":[]},{"id":194,"url":"https:\/\/einformatyka.com.pl\/index.php\/artykuly-poradniki-materialy-informacyjne-instrukcje\/","url_meta":{"origin":272,"position":1},"title":"Artyku\u0142y, poradniki, materia\u0142y informacyjne, instrukcje","date":"14 czerwca 2018","format":false,"excerpt":"Tutaj znajdziesz Artyku\u0142y, poradniki, materia\u0142y informacyjne, instrukcje, kt\u00f3re pomog\u0105 zrozumie\u0107 niekt\u00f3re, wybrane zagadnienia informatyczne. \u00a0 \u00a0 \u00a0 \u00a0 Pozycjonowanie, czyli poprawa widoczno\u015bci stron internetowych (SEO). Strona internetowa - najlepsza wizyt\u00f3wka ka\u017cdej firmy. Webowe aplikacje produkcyjne (aplikacje udost\u0119pniane przez sie\u0107) Czy i po co szyfrowa\u0107 dane na komputerach stacjonarnych i przeno\u015bnych.\u2026","rel":"","context":"Similar post","img":{"alt_text":"","src":"","width":0,"height":0},"classes":[]},{"id":3,"url":"https:\/\/einformatyka.com.pl\/index.php\/polityka-prywatnosci\/","url_meta":{"origin":272,"position":2},"title":"Polityka prywatno\u015bci","date":"7 czerwca 2018","format":false,"excerpt":"Polityka prywatno\u015bci 1.\u00a0Administratorem baz danych osobowych przekazywanych przez klient\u00f3w sklepu internetowego w zwi\u0105zku z zakupami jest Us\u0142ugodawca. 2.\u00a0Dane osobowe wykorzystywane s\u0105 w celu realizacji um\u00f3w sprzeda\u017cy, w zawi\u0105zku z tym mog\u0105 by\u0107 przekazywane podmiotom odpowiedzialnym za dostaw\u0119 zakupionych towar\u00f3w do klienta oraz, w przypadku zakup\u00f3w na raty, instytucjom kredytuj\u0105cym zakup.\u2026","rel":"","context":"Similar post","img":{"alt_text":"","src":"","width":0,"height":0},"classes":[]},{"id":173,"url":"https:\/\/einformatyka.com.pl\/index.php\/strona-internetowa-najlepsza-wizytowka-kazdej-firmy\/","url_meta":{"origin":272,"position":3},"title":"Strona internetowa \u2013 najlepsza wizyt\u00f3wka ka\u017cdej firmy","date":"14 czerwca 2018","format":false,"excerpt":"Trudno wyobrazi\u0107 sobie dzisiejszy \u015bwiat bez Internetu. Pozwala on w szybki i \u0142atwy spos\u00f3b znale\u017a\u0107 interesuj\u0105ce nas tre\u015bci na ka\u017cdym urz\u0105dzeniu (komputery, tablety, smatrfony). Dla tego strona internetowa to najlepsza wizyt\u00f3wka ka\u017cdej firmy, kt\u00f3ra pozwoli na dotarcie do tysi\u0119cy nowych, potencjalnych klient\u00f3w. Rozpoznawalno\u015b\u0107 marki Posiadanie w\u0142asnej strony www pozwala na\u2026","rel":"","context":"Similar post","img":{"alt_text":"","src":"","width":0,"height":0},"classes":[]},{"id":378,"url":"https:\/\/einformatyka.com.pl\/index.php\/pisanie-stron-internetowych-przy-uzyciu-systemow-cms-oraz-recznie\/","url_meta":{"origin":272,"position":4},"title":"Pisanie stron internetowych przy u\u017cyciu system\u00f3w CMS oraz r\u0119cznie.","date":"16 sierpnia 2018","format":false,"excerpt":"Oferujemy kompleksowe przygotowanie stron www od wyboru i konfiguracji serwera do napisania samej strony. Pisanie stron internetowych przy u\u017cyciu system\u00f3w CMS oraz r\u0119czne w zale\u017cno\u015bci od potrzeb oraz wymaga\u0144 klienta. Przygotowanie serwera (hostingu) Pierwszym etapem budowy serwisu internetowego jest wyb\u00f3r \u015brodowiska, na kt\u00f3rym b\u0119dzie on dzia\u0142a\u0142. Je\u015bli planujemy stworzy\u0107 niewielk\u0105\u2026","rel":"","context":"Similar post","img":{"alt_text":"","src":"https:\/\/i0.wp.com\/einformatyka.com.pl\/wp-content\/uploads\/2018\/06\/Strona-internetowa\u00e2\u0080\u0093najlepsza-wizyt\u00c3\u00b3wka-ka\u00c5\u00bcdej-firmy-wordpress-300x300.jpg?resize=350%2C200&ssl=1","width":350,"height":200},"classes":[]},{"id":333,"url":"https:\/\/einformatyka.com.pl\/index.php\/regulamin-sklepu-internetowego-einformatyka-inz-tomasz-radwan\/","url_meta":{"origin":272,"position":5},"title":"Regulamin sklepu internetowego Einformatyka inz. Tomasz Radwan","date":"2 sierpnia 2018","format":false,"excerpt":"\u00a71 Postanowienia wst\u0119pne \u00a0 Sklep internetowy Einformatyka, dost\u0119pny pod adresem internetowym https:\/\/einformatyka.com.pl , prowadzony jest przez Tomasza Radwana prowadz\u0105cego dzia\u0142alno\u015b\u0107 gospodarcz\u0105 pod firm\u0105 Einformatyka, wpisan\u0105 do Centralnej Ewidencji i Informacji o Dzia\u0142alno\u015bci Gospodarczej (CEIDG) prowadzonej przez ministra w\u0142a\u015bciwego ds. gospodarki, NIP 5492256712, REGON 362805950 Niniejszy Regulamin skierowany jest zar\u00f3wno do\u2026","rel":"","context":"Similar post","img":{"alt_text":"","src":"","width":0,"height":0},"classes":[]}],"_links":{"self":[{"href":"https:\/\/einformatyka.com.pl\/index.php\/wp-json\/wp\/v2\/pages\/272"}],"collection":[{"href":"https:\/\/einformatyka.com.pl\/index.php\/wp-json\/wp\/v2\/pages"}],"about":[{"href":"https:\/\/einformatyka.com.pl\/index.php\/wp-json\/wp\/v2\/types\/page"}],"author":[{"embeddable":true,"href":"https:\/\/einformatyka.com.pl\/index.php\/wp-json\/wp\/v2\/users\/1"}],"replies":[{"embeddable":true,"href":"https:\/\/einformatyka.com.pl\/index.php\/wp-json\/wp\/v2\/comments?post=272"}],"version-history":[{"count":0,"href":"https:\/\/einformatyka.com.pl\/index.php\/wp-json\/wp\/v2\/pages\/272\/revisions"}],"wp:attachment":[{"href":"https:\/\/einformatyka.com.pl\/index.php\/wp-json\/wp\/v2\/media?parent=272"}],"curies":[{"name":"wp","href":"https:\/\/api.w.org\/{rel}","templated":true}]}}