{"id":378,"date":"2018-08-16T20:30:38","date_gmt":"2018-08-16T18:30:38","guid":{"rendered":"https:\/\/einformatyka.com.pl\/?page_id=378"},"modified":"2020-02-27T22:16:39","modified_gmt":"2020-02-27T21:16:39","slug":"pisanie-stron-internetowych-przy-uzyciu-systemow-cms-oraz-recznie","status":"publish","type":"page","link":"https:\/\/einformatyka.com.pl\/index.php\/pisanie-stron-internetowych-przy-uzyciu-systemow-cms-oraz-recznie\/","title":{"rendered":"Pisanie stron internetowych przy u\u017cyciu system\u00f3w CMS oraz r\u0119cznie."},"content":{"rendered":"\n<p><\/p>\n\n\n\n<p><\/p>\n\n\n<p><img data-attachment-id=\"379\" data-permalink=\"https:\/\/einformatyka.com.pl\/index.php\/pisanie-stron-internetowych-przy-uzyciu-systemow-cms-oraz-recznie\/pisanie_stron_internetowych\/\" data-orig-file=\"https:\/\/i0.wp.com\/einformatyka.com.pl\/wp-content\/uploads\/2018\/08\/Pisanie_stron_internetowych.png?fit=420%2C263&amp;ssl=1\" data-orig-size=\"420,263\" data-comments-opened=\"1\" data-image-meta=\"{&quot;aperture&quot;:&quot;0&quot;,&quot;credit&quot;:&quot;&quot;,&quot;camera&quot;:&quot;&quot;,&quot;caption&quot;:&quot;&quot;,&quot;created_timestamp&quot;:&quot;0&quot;,&quot;copyright&quot;:&quot;&quot;,&quot;focal_length&quot;:&quot;0&quot;,&quot;iso&quot;:&quot;0&quot;,&quot;shutter_speed&quot;:&quot;0&quot;,&quot;title&quot;:&quot;&quot;,&quot;orientation&quot;:&quot;0&quot;}\" data-image-title=\"Pisanie_stron_internetowych\" data-image-description=\"&lt;p&gt;Pisanie_stron_internetowych&lt;\/p&gt;\n\" data-image-caption=\"&lt;p&gt;Pisanie_stron_internetowych&lt;\/p&gt;\n\" data-medium-file=\"https:\/\/i0.wp.com\/einformatyka.com.pl\/wp-content\/uploads\/2018\/08\/Pisanie_stron_internetowych.png?fit=300%2C188&amp;ssl=1\" data-large-file=\"https:\/\/i0.wp.com\/einformatyka.com.pl\/wp-content\/uploads\/2018\/08\/Pisanie_stron_internetowych.png?fit=420%2C263&amp;ssl=1\" decoding=\"async\" class=\"size-medium wp-image-379 alignleft\" title=\"Pisanie stron internetowych przy u\u017cyciu system\u00f3w CMS oraz r\u0119cznie.\" src=\"https:\/\/i0.wp.com\/einformatyka.com.pl\/wp-content\/uploads\/2018\/08\/Pisanie_stron_internetowych.png?fit=300%2C300&#038;ssl=1\" alt=\"Pisanie stron internetowych przy u\u017cyciu system\u00f3w CMS oraz r\u0119cznie.\" width=\"300\" align=\"left\" srcset=\"https:\/\/i0.wp.com\/einformatyka.com.pl\/wp-content\/uploads\/2018\/08\/Pisanie_stron_internetowych.png?resize=300%2C188&amp;ssl=1 300w, https:\/\/i0.wp.com\/einformatyka.com.pl\/wp-content\/uploads\/2018\/08\/Pisanie_stron_internetowych.png?w=420&amp;ssl=1 420w\" sizes=\"(max-width: 300px) 100vw, 300px\" data-recalc-dims=\"1\" \/><\/p>\n<p>Oferujemy <strong>kompleksowe przygotowanie <a href=\"http:\/\/einformatyka.com.pl\/index.php\/strona-internetowa-najlepsza-wizytowka-kazdej-firmy\/\">stron www<\/a><\/strong> od wyboru i konfiguracji serwera do napisania samej strony. Pisanie stron internetowych przy u\u017cyciu system\u00f3w CMS oraz r\u0119czne w zale\u017cno\u015bci od potrzeb oraz wymaga\u0144 klienta.<\/p>\n<h2>Przygotowanie serwera (hostingu)<\/h2>\n<p>Pierwszym etapem budowy serwisu internetowego jest wyb\u00f3r \u015brodowiska, na kt\u00f3rym b\u0119dzie on dzia\u0142a\u0142.<\/p>\n<p>Je\u015bli planujemy stworzy\u0107 niewielk\u0105 witryn\u0119 a dodatkowe reklamy nie b\u0119d\u0105 nam przeszkadza\u0107 to mo\u017cna wybra\u0107 darmowy hosting. Cz\u0119sto jednak wi\u0105\u017ce si\u0119 to z dodatkowymi ograniczeniami takimi jak limit wielko\u015bci miejsca na serwerze czy zmniejszony transfer. Je\u015bli jednak chcemy stworzy\u0107 <strong>stron\u0119 internetow\u0105 dla firmy <\/strong>lepszym rozwi\u0105zaniem b\u0119dzie wyb\u00f3r p\u0142atnego rozwi\u0105zania. Niesie to za sob\u0105 wiele korzy\u015bci:<\/p>\n<p>&#8211; brak ogranicze\u0144 lub wi\u0119ksza pojemno\u015b\u0107 serwera<\/p>\n<p>&#8211; brak reklam<\/p>\n<p>&#8211; wi\u0119ksza wydajno\u015b\u0107<\/p>\n<p>&#8211; mo\u017cliwo\u015b\u0107 wykupienia backupu danych<\/p>\n<h2>Zakup domeny<\/h2>\n<p>Aby <strong>strona internetowa<\/strong> by\u0142a widoczna w sieci konieczne jest wykupienie odpowiedniej domeny. Domena to przyjazny adres typu <a href=\"http:\/\/www.moja-strona.pl\">www.moja-strona.pl<\/a> pod kt\u00f3r\u0105 b\u0119dzie dost\u0119pny serwis. Wybieraj\u0105c adres dla <strong>strony internetowej <\/strong>nale\u017cy pami\u0119ta\u0107, aby by\u0142 on kr\u00f3tki i \u0142atwy do zapami\u0119tania a tak\u017ce bezpo\u015brednio wskazywa\u0142 na firm\u0119, kt\u00f3rej jest wizyt\u00f3wk\u0105.<\/p>\n<h2>Pisanie strony internetowej<\/h2>\n<p>Ostatnim etapem jest przygotowanie samego serwisu internetowego. Oferujemy <strong>przygotowanie stron internetowych<\/strong> przy u\u017cyciu automatycznych system\u00f3w CMS (WordPress) lub ich r\u0119czne pisanie w j\u0119zykach PHP, HTML, Java, MySQL. Mo\u017cliwe jest tak\u017ce po\u0142\u0105czenie obu technologii. Je\u015bli CMS nie zawiera element\u00f3w, kt\u00f3re nas interesuj\u0105 mo\u017cliwe jest ich napisanie i wstawienie do szablonu.<br \/><img data-attachment-id=\"174\" data-permalink=\"https:\/\/einformatyka.com.pl\/index.php\/strona-internetowa-najlepsza-wizytowka-kazdej-firmy\/strona-internetowa-najlepsza-wizytowka-kazdej-firmy-wordpress\/\" data-orig-file=\"https:\/\/i0.wp.com\/einformatyka.com.pl\/wp-content\/uploads\/2018\/06\/Strona-internetowa\u2013najlepsza-wizyt\u00f3wka-ka\u017cdej-firmy-wordpress.jpg?fit=450%2C450&amp;ssl=1\" data-orig-size=\"450,450\" data-comments-opened=\"1\" data-image-meta=\"{&quot;aperture&quot;:&quot;0&quot;,&quot;credit&quot;:&quot;&quot;,&quot;camera&quot;:&quot;&quot;,&quot;caption&quot;:&quot;&quot;,&quot;created_timestamp&quot;:&quot;0&quot;,&quot;copyright&quot;:&quot;&quot;,&quot;focal_length&quot;:&quot;0&quot;,&quot;iso&quot;:&quot;0&quot;,&quot;shutter_speed&quot;:&quot;0&quot;,&quot;title&quot;:&quot;&quot;,&quot;orientation&quot;:&quot;0&quot;}\" data-image-title=\"Strona-internetowa\u2013najlepsza-wizyt\u00f3wka-ka\u017cdej-firmy-wordpress\" data-image-description=\"&lt;p&gt;Strona-internetowa\u2013najlepsza-wizyt\u00f3wka-ka\u017cdej-firmy-wordpress&lt;\/p&gt;\n\" data-image-caption=\"&lt;p&gt;Strona-internetowa\u2013najlepsza-wizyt\u00f3wka-ka\u017cdej-firmy-wordpress&lt;\/p&gt;\n\" data-medium-file=\"https:\/\/i0.wp.com\/einformatyka.com.pl\/wp-content\/uploads\/2018\/06\/Strona-internetowa\u2013najlepsza-wizyt\u00f3wka-ka\u017cdej-firmy-wordpress.jpg?fit=300%2C300&amp;ssl=1\" data-large-file=\"https:\/\/i0.wp.com\/einformatyka.com.pl\/wp-content\/uploads\/2018\/06\/Strona-internetowa\u2013najlepsza-wizyt\u00f3wka-ka\u017cdej-firmy-wordpress.jpg?fit=450%2C450&amp;ssl=1\" decoding=\"async\" loading=\"lazy\" class=\"alignnone wp-image-174 size-medium\" src=\"https:\/\/i0.wp.com\/einformatyka.com.pl\/wp-content\/uploads\/2018\/06\/Strona-internetowa\u2013najlepsza-wizyt\u00f3wka-ka\u017cdej-firmy-wordpress.jpg?resize=300%2C300&#038;ssl=1\" alt=\"Strona-internetowa\u2013najlepsza-wizyt\u00f3wka-ka\u017cdej-firmy-wordpress\" width=\"300\" height=\"300\" align=\"left\" srcset=\"https:\/\/i0.wp.com\/einformatyka.com.pl\/wp-content\/uploads\/2018\/06\/Strona-internetowa\u2013najlepsza-wizyt\u00f3wka-ka\u017cdej-firmy-wordpress.jpg?resize=300%2C300&amp;ssl=1 300w, https:\/\/i0.wp.com\/einformatyka.com.pl\/wp-content\/uploads\/2018\/06\/Strona-internetowa\u2013najlepsza-wizyt\u00f3wka-ka\u017cdej-firmy-wordpress.jpg?resize=100%2C100&amp;ssl=1 100w, https:\/\/i0.wp.com\/einformatyka.com.pl\/wp-content\/uploads\/2018\/06\/Strona-internetowa\u2013najlepsza-wizyt\u00f3wka-ka\u017cdej-firmy-wordpress.jpg?resize=416%2C416&amp;ssl=1 416w, https:\/\/i0.wp.com\/einformatyka.com.pl\/wp-content\/uploads\/2018\/06\/Strona-internetowa\u2013najlepsza-wizyt\u00f3wka-ka\u017cdej-firmy-wordpress.jpg?resize=150%2C150&amp;ssl=1 150w, https:\/\/i0.wp.com\/einformatyka.com.pl\/wp-content\/uploads\/2018\/06\/Strona-internetowa\u2013najlepsza-wizyt\u00f3wka-ka\u017cdej-firmy-wordpress.jpg?w=450&amp;ssl=1 450w\" sizes=\"(max-width: 300px) 100vw, 300px\" data-recalc-dims=\"1\" \/><\/p>\n<p>\u00a0<\/p>\n<p>\u00a0<\/p>\n<p>\u00a0<\/p>\n<p>\u00a0<\/p>\n\n\n<h2><a href=\"http:\/\/einformatyka.com.pl\/index.php\/pozycjonowanie-czyli-poprawa-widocznosci-stron-internetowych-seo\/\">Pozycjonowanie stron internetowych<\/a><\/h2>\n\n\n\n<p>W zasadzie po napisaniu strona jest dost\u0119pna w sieci przez wpisanie w nag\u0142\u00f3wku przegl\u0105darki internetowe wykupionego wcze\u015bniej adresu (domeny). Jednak w taki spos\u00f3b nie zostanie ona znaleziona przez potencjalnych klient\u00f3w. Aby to zmieni\u0107 nale\u017cy rozpocz\u0105\u0107 proces pozycjonowania kt\u00f3ry poka\u017ce przegl\u0105darce internetowej na jakie frazy ma reagowa\u0107 wy\u015bwietleniem naszej strony internetowej.<\/p>\n\n\n\n<p>Zapraszamy do wsp\u00f3\u0142pracy!<\/p>\n<div class=\"sharedaddy sd-sharing-enabled\"><div class=\"robots-nocontent sd-block sd-social sd-social-icon-text sd-sharing\"><h3 class=\"sd-title\">Share this:<\/h3><div class=\"sd-content\"><ul><li><a href=\"#\" class=\"sharing-anchor sd-button share-more\"><span>Share<\/span><\/a><\/li><li class=\"share-end\"><\/li><\/ul><div class=\"sharing-hidden\"><div class=\"inner\" style=\"display: none;\"><ul><li class=\"share-twitter\"><a rel=\"nofollow noopener noreferrer\" data-shared=\"sharing-twitter-378\" class=\"share-twitter sd-button share-icon\" href=\"https:\/\/einformatyka.com.pl\/index.php\/pisanie-stron-internetowych-przy-uzyciu-systemow-cms-oraz-recznie\/?share=twitter\" target=\"_blank\" title=\"Click to share on Twitter\" ><span>Twitter<\/span><\/a><\/li><li class=\"share-print\"><a rel=\"nofollow noopener noreferrer\" data-shared=\"\" class=\"share-print sd-button share-icon\" href=\"https:\/\/einformatyka.com.pl\/index.php\/pisanie-stron-internetowych-przy-uzyciu-systemow-cms-oraz-recznie\/\" target=\"_blank\" title=\"Click to print\" ><span>Print<\/span><\/a><\/li><li class=\"share-end\"><\/li><li class=\"share-facebook\"><a rel=\"nofollow noopener noreferrer\" data-shared=\"sharing-facebook-378\" class=\"share-facebook sd-button share-icon\" href=\"https:\/\/einformatyka.com.pl\/index.php\/pisanie-stron-internetowych-przy-uzyciu-systemow-cms-oraz-recznie\/?share=facebook\" target=\"_blank\" title=\"Click to share on Facebook\" ><span>Facebook<\/span><\/a><\/li><li class=\"share-end\"><\/li><\/ul><\/div><\/div><\/div><\/div><\/div>","protected":false},"excerpt":{"rendered":"<p>Oferujemy kompleksowe przygotowanie stron www od wyboru i konfiguracji serwera do napisania samej strony. Pisanie stron internetowych przy u\u017cyciu system\u00f3w CMS oraz r\u0119czne w zale\u017cno\u015bci od potrzeb oraz wymaga\u0144 klienta. Przygotowanie serwera (hostingu) Pierwszym etapem<a class=\"read-more\" href=\"https:\/\/einformatyka.com.pl\/index.php\/pisanie-stron-internetowych-przy-uzyciu-systemow-cms-oraz-recznie\/\">Continue reading<\/a><\/p>\n<div class=\"sharedaddy sd-sharing-enabled\"><div class=\"robots-nocontent sd-block sd-social sd-social-icon-text sd-sharing\"><h3 class=\"sd-title\">Share this:<\/h3><div class=\"sd-content\"><ul><li><a href=\"#\" class=\"sharing-anchor sd-button share-more\"><span>Share<\/span><\/a><\/li><li class=\"share-end\"><\/li><\/ul><div class=\"sharing-hidden\"><div class=\"inner\" style=\"display: none;\"><ul><li class=\"share-twitter\"><a rel=\"nofollow noopener noreferrer\" data-shared=\"sharing-twitter-378\" class=\"share-twitter sd-button share-icon\" href=\"https:\/\/einformatyka.com.pl\/index.php\/pisanie-stron-internetowych-przy-uzyciu-systemow-cms-oraz-recznie\/?share=twitter\" target=\"_blank\" title=\"Click to share on Twitter\" ><span>Twitter<\/span><\/a><\/li><li class=\"share-print\"><a rel=\"nofollow noopener noreferrer\" data-shared=\"\" class=\"share-print sd-button share-icon\" href=\"https:\/\/einformatyka.com.pl\/index.php\/pisanie-stron-internetowych-przy-uzyciu-systemow-cms-oraz-recznie\/\" target=\"_blank\" title=\"Click to print\" ><span>Print<\/span><\/a><\/li><li class=\"share-end\"><\/li><li class=\"share-facebook\"><a rel=\"nofollow noopener noreferrer\" data-shared=\"sharing-facebook-378\" class=\"share-facebook sd-button share-icon\" href=\"https:\/\/einformatyka.com.pl\/index.php\/pisanie-stron-internetowych-przy-uzyciu-systemow-cms-oraz-recznie\/?share=facebook\" target=\"_blank\" title=\"Click to share on Facebook\" ><span>Facebook<\/span><\/a><\/li><li class=\"share-end\"><\/li><\/ul><\/div><\/div><\/div><\/div><\/div>","protected":false},"author":1,"featured_media":0,"parent":0,"menu_order":0,"comment_status":"closed","ping_status":"closed","template":"","meta":{"jetpack_post_was_ever_published":false},"yoast_head":"<!-- This site is optimized with the Yoast SEO plugin v19.9 - https:\/\/yoast.com\/wordpress\/plugins\/seo\/ -->\n<title>Pisanie stron internetowych przy u\u017cyciu system\u00f3w CMS oraz r\u0119cznie.<\/title>\n<meta name=\"description\" content=\"Oferujemy kompleksowe przygotowanie stron www od wyboru i konfiguracji serwera do napisania samej strony. Pisanie stron internetowych przy u\u017cyciu ...\" \/>\n<meta name=\"robots\" content=\"index, follow, max-snippet:-1, max-image-preview:large, max-video-preview:-1\" \/>\n<link rel=\"canonical\" href=\"https:\/\/einformatyka.com.pl\/index.php\/pisanie-stron-internetowych-przy-uzyciu-systemow-cms-oraz-recznie\/\" \/>\n<meta property=\"og:locale\" content=\"pl_PL\" \/>\n<meta property=\"og:type\" content=\"article\" \/>\n<meta property=\"og:title\" content=\"Pisanie stron internetowych przy u\u017cyciu system\u00f3w CMS oraz r\u0119cznie.\" \/>\n<meta property=\"og:description\" content=\"Oferujemy kompleksowe przygotowanie stron www od wyboru i konfiguracji serwera do napisania samej strony. Pisanie stron internetowych przy u\u017cyciu ...\" \/>\n<meta property=\"og:url\" content=\"https:\/\/einformatyka.com.pl\/index.php\/pisanie-stron-internetowych-przy-uzyciu-systemow-cms-oraz-recznie\/\" \/>\n<meta property=\"og:site_name\" content=\"Einformatyka\" \/>\n<meta property=\"article:publisher\" content=\"https:\/\/www.facebook.com\/einformatyka\/\" \/>\n<meta property=\"article:modified_time\" content=\"2020-02-27T21:16:39+00:00\" \/>\n<meta property=\"og:image\" content=\"https:\/\/einformatyka.com.pl\/wp-content\/uploads\/2018\/08\/Pisanie_stron_internetowych-300x188.png\" \/>\n<meta name=\"twitter:card\" content=\"summary_large_image\" \/>\n<meta name=\"twitter:label1\" content=\"Szacowany czas czytania\" \/>\n\t<meta name=\"twitter:data1\" content=\"2 minuty\" \/>\n<script type=\"application\/ld+json\" class=\"yoast-schema-graph\">{\"@context\":\"https:\/\/schema.org\",\"@graph\":[{\"@type\":\"WebPage\",\"@id\":\"https:\/\/einformatyka.com.pl\/index.php\/pisanie-stron-internetowych-przy-uzyciu-systemow-cms-oraz-recznie\/\",\"url\":\"https:\/\/einformatyka.com.pl\/index.php\/pisanie-stron-internetowych-przy-uzyciu-systemow-cms-oraz-recznie\/\",\"name\":\"Pisanie stron internetowych przy u\u017cyciu system\u00f3w CMS oraz r\u0119cznie.\",\"isPartOf\":{\"@id\":\"https:\/\/einformatyka.com.pl\/#website\"},\"datePublished\":\"2018-08-16T18:30:38+00:00\",\"dateModified\":\"2020-02-27T21:16:39+00:00\",\"description\":\"Oferujemy kompleksowe przygotowanie stron www od wyboru i konfiguracji serwera do napisania samej strony. Pisanie stron internetowych przy u\u017cyciu ...\",\"breadcrumb\":{\"@id\":\"https:\/\/einformatyka.com.pl\/index.php\/pisanie-stron-internetowych-przy-uzyciu-systemow-cms-oraz-recznie\/#breadcrumb\"},\"inLanguage\":\"pl-PL\",\"potentialAction\":[{\"@type\":\"ReadAction\",\"target\":[\"https:\/\/einformatyka.com.pl\/index.php\/pisanie-stron-internetowych-przy-uzyciu-systemow-cms-oraz-recznie\/\"]}]},{\"@type\":\"BreadcrumbList\",\"@id\":\"https:\/\/einformatyka.com.pl\/index.php\/pisanie-stron-internetowych-przy-uzyciu-systemow-cms-oraz-recznie\/#breadcrumb\",\"itemListElement\":[{\"@type\":\"ListItem\",\"position\":1,\"name\":\"Strona g\u0142\u00f3wna\",\"item\":\"https:\/\/einformatyka.com.pl\/\"},{\"@type\":\"ListItem\",\"position\":2,\"name\":\"Pisanie stron internetowych przy u\u017cyciu system\u00f3w CMS oraz r\u0119cznie.\"}]},{\"@type\":\"WebSite\",\"@id\":\"https:\/\/einformatyka.com.pl\/#website\",\"url\":\"https:\/\/einformatyka.com.pl\/\",\"name\":\"Einformatyka\",\"description\":\"Us\u0142ugi informatyczne\",\"publisher\":{\"@id\":\"https:\/\/einformatyka.com.pl\/#organization\"},\"potentialAction\":[{\"@type\":\"SearchAction\",\"target\":{\"@type\":\"EntryPoint\",\"urlTemplate\":\"https:\/\/einformatyka.com.pl\/?s={search_term_string}\"},\"query-input\":\"required name=search_term_string\"}],\"inLanguage\":\"pl-PL\"},{\"@type\":\"Organization\",\"@id\":\"https:\/\/einformatyka.com.pl\/#organization\",\"name\":\"Einformatyka\",\"url\":\"https:\/\/einformatyka.com.pl\/\",\"logo\":{\"@type\":\"ImageObject\",\"inLanguage\":\"pl-PL\",\"@id\":\"https:\/\/einformatyka.com.pl\/#\/schema\/logo\/image\/\",\"url\":\"https:\/\/i0.wp.com\/einformatyka.com.pl\/wp-content\/uploads\/2018\/06\/Einformatyka-logo-1.png?fit=3658%2C1122&ssl=1\",\"contentUrl\":\"https:\/\/i0.wp.com\/einformatyka.com.pl\/wp-content\/uploads\/2018\/06\/Einformatyka-logo-1.png?fit=3658%2C1122&ssl=1\",\"width\":3658,\"height\":1122,\"caption\":\"Einformatyka\"},\"image\":{\"@id\":\"https:\/\/einformatyka.com.pl\/#\/schema\/logo\/image\/\"},\"sameAs\":[\"https:\/\/www.facebook.com\/einformatyka\/\"]}]}<\/script>\n<!-- \/ Yoast SEO plugin. -->","yoast_head_json":{"title":"Pisanie stron internetowych przy u\u017cyciu system\u00f3w CMS oraz r\u0119cznie.","description":"Oferujemy kompleksowe przygotowanie stron www od wyboru i konfiguracji serwera do napisania samej strony. Pisanie stron internetowych przy u\u017cyciu ...","robots":{"index":"index","follow":"follow","max-snippet":"max-snippet:-1","max-image-preview":"max-image-preview:large","max-video-preview":"max-video-preview:-1"},"canonical":"https:\/\/einformatyka.com.pl\/index.php\/pisanie-stron-internetowych-przy-uzyciu-systemow-cms-oraz-recznie\/","og_locale":"pl_PL","og_type":"article","og_title":"Pisanie stron internetowych przy u\u017cyciu system\u00f3w CMS oraz r\u0119cznie.","og_description":"Oferujemy kompleksowe przygotowanie stron www od wyboru i konfiguracji serwera do napisania samej strony. Pisanie stron internetowych przy u\u017cyciu ...","og_url":"https:\/\/einformatyka.com.pl\/index.php\/pisanie-stron-internetowych-przy-uzyciu-systemow-cms-oraz-recznie\/","og_site_name":"Einformatyka","article_publisher":"https:\/\/www.facebook.com\/einformatyka\/","article_modified_time":"2020-02-27T21:16:39+00:00","og_image":[{"url":"https:\/\/einformatyka.com.pl\/wp-content\/uploads\/2018\/08\/Pisanie_stron_internetowych-300x188.png"}],"twitter_card":"summary_large_image","twitter_misc":{"Szacowany czas czytania":"2 minuty"},"schema":{"@context":"https:\/\/schema.org","@graph":[{"@type":"WebPage","@id":"https:\/\/einformatyka.com.pl\/index.php\/pisanie-stron-internetowych-przy-uzyciu-systemow-cms-oraz-recznie\/","url":"https:\/\/einformatyka.com.pl\/index.php\/pisanie-stron-internetowych-przy-uzyciu-systemow-cms-oraz-recznie\/","name":"Pisanie stron internetowych przy u\u017cyciu system\u00f3w CMS oraz r\u0119cznie.","isPartOf":{"@id":"https:\/\/einformatyka.com.pl\/#website"},"datePublished":"2018-08-16T18:30:38+00:00","dateModified":"2020-02-27T21:16:39+00:00","description":"Oferujemy kompleksowe przygotowanie stron www od wyboru i konfiguracji serwera do napisania samej strony. Pisanie stron internetowych przy u\u017cyciu ...","breadcrumb":{"@id":"https:\/\/einformatyka.com.pl\/index.php\/pisanie-stron-internetowych-przy-uzyciu-systemow-cms-oraz-recznie\/#breadcrumb"},"inLanguage":"pl-PL","potentialAction":[{"@type":"ReadAction","target":["https:\/\/einformatyka.com.pl\/index.php\/pisanie-stron-internetowych-przy-uzyciu-systemow-cms-oraz-recznie\/"]}]},{"@type":"BreadcrumbList","@id":"https:\/\/einformatyka.com.pl\/index.php\/pisanie-stron-internetowych-przy-uzyciu-systemow-cms-oraz-recznie\/#breadcrumb","itemListElement":[{"@type":"ListItem","position":1,"name":"Strona g\u0142\u00f3wna","item":"https:\/\/einformatyka.com.pl\/"},{"@type":"ListItem","position":2,"name":"Pisanie stron internetowych przy u\u017cyciu system\u00f3w CMS oraz r\u0119cznie."}]},{"@type":"WebSite","@id":"https:\/\/einformatyka.com.pl\/#website","url":"https:\/\/einformatyka.com.pl\/","name":"Einformatyka","description":"Us\u0142ugi informatyczne","publisher":{"@id":"https:\/\/einformatyka.com.pl\/#organization"},"potentialAction":[{"@type":"SearchAction","target":{"@type":"EntryPoint","urlTemplate":"https:\/\/einformatyka.com.pl\/?s={search_term_string}"},"query-input":"required name=search_term_string"}],"inLanguage":"pl-PL"},{"@type":"Organization","@id":"https:\/\/einformatyka.com.pl\/#organization","name":"Einformatyka","url":"https:\/\/einformatyka.com.pl\/","logo":{"@type":"ImageObject","inLanguage":"pl-PL","@id":"https:\/\/einformatyka.com.pl\/#\/schema\/logo\/image\/","url":"https:\/\/i0.wp.com\/einformatyka.com.pl\/wp-content\/uploads\/2018\/06\/Einformatyka-logo-1.png?fit=3658%2C1122&ssl=1","contentUrl":"https:\/\/i0.wp.com\/einformatyka.com.pl\/wp-content\/uploads\/2018\/06\/Einformatyka-logo-1.png?fit=3658%2C1122&ssl=1","width":3658,"height":1122,"caption":"Einformatyka"},"image":{"@id":"https:\/\/einformatyka.com.pl\/#\/schema\/logo\/image\/"},"sameAs":["https:\/\/www.facebook.com\/einformatyka\/"]}]}},"jetpack_sharing_enabled":true,"jetpack_shortlink":"https:\/\/wp.me\/Pabt0O-66","jetpack_likes_enabled":true,"jetpack-related-posts":[{"id":8,"url":"https:\/\/einformatyka.com.pl\/","url_meta":{"origin":378,"position":0},"title":"Uwaga!!! Szanowni klienci dzia\u0142alno\u015b\u0107 firmy\u2026","date":"8 czerwca 2018","format":false,"excerpt":"Uwaga!!! Szanowni klienci dzia\u0142alno\u015b\u0107 firmy Einformatyka zosta\u0142a zawieszona do odwo\u0142ania. \u00a0 Pozycjonowanie - czyli proce polegaj\u0105cy na poprawianiu widoczno\u015bci i pozycji strony internetowej w wyszukiwarkach. Czytaj dalej >>> Strony internetowe\u00a0- Oferujemy przygotowanie stron internetowych w technologii CMS (szybkie tworzenie przy u\u017cyciu szablonu) oraz ich r\u0119czne pisanie w oparciu o j\u0119zyki\u2026","rel":"","context":"Similar post","img":{"alt_text":"","src":"","width":0,"height":0},"classes":[]},{"id":495,"url":"https:\/\/einformatyka.com.pl\/index.php\/oferta-uslug-informatycznych\/programowanie-stron-internetowych-oraz-aplikacji-produkcyjnych\/","url_meta":{"origin":378,"position":1},"title":"Programowanie stron internetowych oraz aplikacji produkcyjnych","date":"30 sierpnia 2018","format":false,"excerpt":"Oferujemy programowanie stron internetowych oraz aplikacji produkcyjnych w j\u0119zykach PHP, HTML, MySQL oraz element\u00f3w JavaScript. Stworzone w ten spos\u00f3b projekty s\u0105 dost\u0119pne przez przegl\u0105dark\u0119 internetow\u0105. Jest to bardzo wygodne i nie wymaga instalacji dodatkowego oprogramowania na stacjach ko\u0144cowych. Oferujemy: Przygotowanie serwer\u00f3w www Pisanie stron internetowych Pisanie aplikacji produkcyjnych","rel":"","context":"Similar post","img":{"alt_text":"Programowanie-stron-internetowych-oraz-aplikacji-produkcyjnych","src":"https:\/\/i0.wp.com\/einformatyka.com.pl\/wp-content\/uploads\/2018\/08\/Programowanie-stron-internetowych-oraz-aplikacji-produkcyjnych.png?fit=1024%2C500&ssl=1&resize=350%2C200","width":350,"height":200},"classes":[]},{"id":481,"url":"https:\/\/einformatyka.com.pl\/index.php\/oferta-uslug-informatycznych\/pozycjonowanie-stron-internetowych\/","url_meta":{"origin":378,"position":2},"title":"Pozycjonowanie stron internetowych","date":"28 sierpnia 2018","format":false,"excerpt":"Oferujemy profesjonalne us\u0142ugi w zakresie pozycjonowania stron internetowych. Przygotujemy dla pa\u0144stwa profesjonaln\u0105 wizyt\u00f3wk\u0119 strony w wyszukiwarce Google oraz mapach. Za\u0142o\u017cymy i poprowadzimy profile spo\u0142eczno\u015bciowe. Pomo\u017cemy w \u201ezrozumieniu\u201d przez przegl\u0105darki interesuj\u0105cych pa\u0144stwa tre\u015bci. Zadbamy, aby strona www przyci\u0105gn\u0119\u0142a nowych, potencjalnych klient\u00f3w. Pozycjonowanie stron internetowych to szereg czynno\u015bci maj\u0105cych na celu zwi\u0119kszenie\u2026","rel":"","context":"Similar post","img":{"alt_text":"Pozycjonowanie stron internetowych","src":"https:\/\/i0.wp.com\/einformatyka.com.pl\/wp-content\/uploads\/2018\/06\/seo.jpg?fit=800%2C457&ssl=1&resize=350%2C200","width":350,"height":200},"classes":[]},{"id":161,"url":"https:\/\/einformatyka.com.pl\/index.php\/pozycjonowanie-czyli-poprawa-widocznosci-stron-internetowych-seo\/","url_meta":{"origin":378,"position":3},"title":"Pozycjonowanie, czyli poprawa widoczno\u015bci stron internetowych (SEO)","date":"13 czerwca 2018","format":false,"excerpt":"Ka\u017cda nowa strona www zaraz po napisaniu nie jest widoczna dla przegl\u0105darek. Pozycjonowanie, czyli poprawa widoczno\u015bci stron internetowych (SEO) pozwala na wskazanie tre\u015bci, na jakie powinny one reagowa\u0107. Proces ten wymaga jednak sporo czasu i wiedzy a jego efekty s\u0105 zale\u017cne od wielu Czynnik\u00f3w. Pozycjonowanie a reklama Poprawa pozycji i\u2026","rel":"","context":"Similar post","img":{"alt_text":"","src":"https:\/\/i0.wp.com\/einformatyka.com.pl\/wp-content\/uploads\/2018\/06\/Linki-organiczne-300x202.png?resize=350%2C200&ssl=1","width":350,"height":200},"classes":[]},{"id":41,"url":"https:\/\/einformatyka.com.pl\/index.php\/oferta-uslug-informatycznych\/","url_meta":{"origin":378,"position":4},"title":"Oferta us\u0142ug informatycznych","date":"8 czerwca 2018","format":false,"excerpt":"Pisanie stron internetowych Pozycjonowanie stron internetowych Naprawa komputer\u00f3w Programowanie (PHP, HTML, SQL, JavaScript) Konfiguracja serwer\u00f3w Administracja serwerami Sieci komputerowe Outsourcing IT Bezpiecze\u0144stwo danych","rel":"","context":"Similar post","img":{"alt_text":"","src":"","width":0,"height":0},"classes":[]},{"id":124,"url":"https:\/\/einformatyka.com.pl\/index.php\/o-nas\/","url_meta":{"origin":378,"position":5},"title":"O nas","date":"13 czerwca 2018","format":false,"excerpt":"Einformatyka dzia\u0142a na Polskim rynku od roku 2015 \u015bwiadcz\u0105c us\u0142ugi informatyczne dla os\u00f3b prywatnych oraz ma\u0142ych i \u015brednich firm.\u00a0 Nasze do\u015bwiadczenie zdobywali\u015bmy wsp\u00f3\u0142pracuj\u0105c z firmami takimi jak: Grupa K\u0119ty, Aluprof, Beskidzkie Biuro Konsultingowe, Gk Vip Transfer, BMB Sklep, Stan-Bruk, Zak\u0142ad Kominiarski Jaros\u0142aw Fajfrzyk \u00a0 \u00a0 \u00a0 \u00a0 \u00a0 \u00a0 \u00a0\u2026","rel":"","context":"Similar post","img":{"alt_text":"","src":"","width":0,"height":0},"classes":[]}],"_links":{"self":[{"href":"https:\/\/einformatyka.com.pl\/index.php\/wp-json\/wp\/v2\/pages\/378"}],"collection":[{"href":"https:\/\/einformatyka.com.pl\/index.php\/wp-json\/wp\/v2\/pages"}],"about":[{"href":"https:\/\/einformatyka.com.pl\/index.php\/wp-json\/wp\/v2\/types\/page"}],"author":[{"embeddable":true,"href":"https:\/\/einformatyka.com.pl\/index.php\/wp-json\/wp\/v2\/users\/1"}],"replies":[{"embeddable":true,"href":"https:\/\/einformatyka.com.pl\/index.php\/wp-json\/wp\/v2\/comments?post=378"}],"version-history":[{"count":9,"href":"https:\/\/einformatyka.com.pl\/index.php\/wp-json\/wp\/v2\/pages\/378\/revisions"}],"predecessor-version":[{"id":1122,"href":"https:\/\/einformatyka.com.pl\/index.php\/wp-json\/wp\/v2\/pages\/378\/revisions\/1122"}],"wp:attachment":[{"href":"https:\/\/einformatyka.com.pl\/index.php\/wp-json\/wp\/v2\/media?parent=378"}],"curies":[{"name":"wp","href":"https:\/\/api.w.org\/{rel}","templated":true}]}}