{"id":41,"date":"2018-06-08T10:18:26","date_gmt":"2018-06-08T08:18:26","guid":{"rendered":"http:\/\/einformatyka.com.pl:8181\/?page_id=41"},"modified":"2018-08-30T17:56:36","modified_gmt":"2018-08-30T15:56:36","slug":"oferta-uslug-informatycznych","status":"publish","type":"page","link":"https:\/\/einformatyka.com.pl\/index.php\/oferta-uslug-informatycznych\/","title":{"rendered":"Oferta us\u0142ug informatycznych"},"content":{"rendered":"<ul>\n<li><a href=\"https:\/\/einformatyka.com.pl\/index.php\/pisanie-stron-internetowych-przy-uzyciu-systemow-cms-oraz-recznie\">Pisanie stron internetowych<\/a><\/li>\n<li><a href=\"https:\/\/einformatyka.com.pl\/index.php\/oferta-uslug-informatycznych\/pozycjonowanie-stron-internetowych\">Pozycjonowanie stron internetowych<\/a><\/li>\n<li><a href=\"https:\/\/einformatyka.com.pl\/index.php\/naprawa-komputerow-serwis-komputerow-stacjonarnych-i-przenosnych\">Naprawa komputer\u00f3w<\/a><\/li>\n<li><a href=\"https:\/\/einformatyka.com.pl\/index.php\/oferta-uslug-informatycznych\/programowanie-stron-internetowych-oraz-aplikacji-produkcyjnych\">Programowanie (PHP, HTML, SQL, JavaScript)<\/a><\/li>\n<li>Konfiguracja serwer\u00f3w<\/li>\n<li>Administracja serwerami<\/li>\n<li>Sieci komputerowe<\/li>\n<li>Outsourcing IT<\/li>\n<li>Bezpiecze\u0144stwo danych<\/li>\n<\/ul>\n<div class=\"sharedaddy sd-sharing-enabled\"><div class=\"robots-nocontent sd-block sd-social sd-social-icon-text sd-sharing\"><h3 class=\"sd-title\">Share this:<\/h3><div class=\"sd-content\"><ul><li><a href=\"#\" class=\"sharing-anchor sd-button share-more\"><span>Share<\/span><\/a><\/li><li class=\"share-end\"><\/li><\/ul><div class=\"sharing-hidden\"><div class=\"inner\" style=\"display: none;\"><ul><li class=\"share-twitter\"><a rel=\"nofollow noopener noreferrer\" data-shared=\"sharing-twitter-41\" class=\"share-twitter sd-button share-icon\" href=\"https:\/\/einformatyka.com.pl\/index.php\/oferta-uslug-informatycznych\/?share=twitter\" target=\"_blank\" title=\"Click to share on Twitter\" ><span>Twitter<\/span><\/a><\/li><li class=\"share-print\"><a rel=\"nofollow noopener noreferrer\" data-shared=\"\" class=\"share-print sd-button share-icon\" href=\"https:\/\/einformatyka.com.pl\/index.php\/oferta-uslug-informatycznych\/\" target=\"_blank\" title=\"Click to print\" ><span>Print<\/span><\/a><\/li><li class=\"share-end\"><\/li><li class=\"share-facebook\"><a rel=\"nofollow noopener noreferrer\" data-shared=\"sharing-facebook-41\" class=\"share-facebook sd-button share-icon\" href=\"https:\/\/einformatyka.com.pl\/index.php\/oferta-uslug-informatycznych\/?share=facebook\" target=\"_blank\" title=\"Click to share on Facebook\" ><span>Facebook<\/span><\/a><\/li><li class=\"share-end\"><\/li><\/ul><\/div><\/div><\/div><\/div><\/div>","protected":false},"excerpt":{"rendered":"<p>Pisanie stron internetowych Pozycjonowanie stron internetowych Naprawa komputer\u00f3w Programowanie (PHP, HTML, SQL, JavaScript) Konfiguracja serwer\u00f3w Administracja serwerami Sieci komputerowe Outsourcing IT Bezpiecze\u0144stwo danych<\/p>\n<div class=\"sharedaddy sd-sharing-enabled\"><div class=\"robots-nocontent sd-block sd-social sd-social-icon-text sd-sharing\"><h3 class=\"sd-title\">Share this:<\/h3><div class=\"sd-content\"><ul><li><a href=\"#\" class=\"sharing-anchor sd-button share-more\"><span>Share<\/span><\/a><\/li><li class=\"share-end\"><\/li><\/ul><div class=\"sharing-hidden\"><div class=\"inner\" style=\"display: none;\"><ul><li class=\"share-twitter\"><a rel=\"nofollow noopener noreferrer\" data-shared=\"sharing-twitter-41\" class=\"share-twitter sd-button share-icon\" href=\"https:\/\/einformatyka.com.pl\/index.php\/oferta-uslug-informatycznych\/?share=twitter\" target=\"_blank\" title=\"Click to share on Twitter\" ><span>Twitter<\/span><\/a><\/li><li class=\"share-print\"><a rel=\"nofollow noopener noreferrer\" data-shared=\"\" class=\"share-print sd-button share-icon\" href=\"https:\/\/einformatyka.com.pl\/index.php\/oferta-uslug-informatycznych\/\" target=\"_blank\" title=\"Click to print\" ><span>Print<\/span><\/a><\/li><li class=\"share-end\"><\/li><li class=\"share-facebook\"><a rel=\"nofollow noopener noreferrer\" data-shared=\"sharing-facebook-41\" class=\"share-facebook sd-button share-icon\" href=\"https:\/\/einformatyka.com.pl\/index.php\/oferta-uslug-informatycznych\/?share=facebook\" target=\"_blank\" title=\"Click to share on Facebook\" ><span>Facebook<\/span><\/a><\/li><li class=\"share-end\"><\/li><\/ul><\/div><\/div><\/div><\/div><\/div>","protected":false},"author":1,"featured_media":0,"parent":0,"menu_order":0,"comment_status":"closed","ping_status":"closed","template":"","meta":{"jetpack_post_was_ever_published":false},"yoast_head":"<!-- This site is optimized with the Yoast SEO plugin v19.9 - https:\/\/yoast.com\/wordpress\/plugins\/seo\/ -->\n<title>Oferta us\u0142ug informatycznych - Einformatyka<\/title>\n<meta name=\"description\" content=\"Pisanie stron internetowych Pozycjonowanie stron internetowych Naprawa komputer\u00f3w Programowanie (PHP, HTML, SQL, JavaScript) ...\" \/>\n<meta name=\"robots\" content=\"index, follow, max-snippet:-1, max-image-preview:large, max-video-preview:-1\" \/>\n<link rel=\"canonical\" href=\"https:\/\/einformatyka.com.pl\/index.php\/oferta-uslug-informatycznych\/\" \/>\n<meta property=\"og:locale\" content=\"pl_PL\" \/>\n<meta property=\"og:type\" content=\"article\" \/>\n<meta property=\"og:title\" content=\"Oferta us\u0142ug informatycznych - Einformatyka\" \/>\n<meta property=\"og:description\" content=\"Pisanie stron internetowych Pozycjonowanie stron internetowych Naprawa komputer\u00f3w Programowanie (PHP, HTML, SQL, JavaScript) ...\" \/>\n<meta property=\"og:url\" content=\"https:\/\/einformatyka.com.pl\/index.php\/oferta-uslug-informatycznych\/\" \/>\n<meta property=\"og:site_name\" content=\"Einformatyka\" \/>\n<meta property=\"article:publisher\" content=\"https:\/\/www.facebook.com\/einformatyka\/\" \/>\n<meta property=\"article:modified_time\" content=\"2018-08-30T15:56:36+00:00\" \/>\n<meta name=\"twitter:card\" content=\"summary_large_image\" \/>\n<script type=\"application\/ld+json\" class=\"yoast-schema-graph\">{\"@context\":\"https:\/\/schema.org\",\"@graph\":[{\"@type\":\"WebPage\",\"@id\":\"https:\/\/einformatyka.com.pl\/index.php\/oferta-uslug-informatycznych\/\",\"url\":\"https:\/\/einformatyka.com.pl\/index.php\/oferta-uslug-informatycznych\/\",\"name\":\"Oferta us\u0142ug informatycznych - Einformatyka\",\"isPartOf\":{\"@id\":\"https:\/\/einformatyka.com.pl\/#website\"},\"datePublished\":\"2018-06-08T08:18:26+00:00\",\"dateModified\":\"2018-08-30T15:56:36+00:00\",\"description\":\"Pisanie stron internetowych Pozycjonowanie stron internetowych Naprawa komputer\u00f3w Programowanie (PHP, HTML, SQL, JavaScript) ...\",\"breadcrumb\":{\"@id\":\"https:\/\/einformatyka.com.pl\/index.php\/oferta-uslug-informatycznych\/#breadcrumb\"},\"inLanguage\":\"pl-PL\",\"potentialAction\":[{\"@type\":\"ReadAction\",\"target\":[\"https:\/\/einformatyka.com.pl\/index.php\/oferta-uslug-informatycznych\/\"]}]},{\"@type\":\"BreadcrumbList\",\"@id\":\"https:\/\/einformatyka.com.pl\/index.php\/oferta-uslug-informatycznych\/#breadcrumb\",\"itemListElement\":[{\"@type\":\"ListItem\",\"position\":1,\"name\":\"Strona g\u0142\u00f3wna\",\"item\":\"https:\/\/einformatyka.com.pl\/\"},{\"@type\":\"ListItem\",\"position\":2,\"name\":\"Oferta us\u0142ug informatycznych\"}]},{\"@type\":\"WebSite\",\"@id\":\"https:\/\/einformatyka.com.pl\/#website\",\"url\":\"https:\/\/einformatyka.com.pl\/\",\"name\":\"Einformatyka\",\"description\":\"Us\u0142ugi informatyczne\",\"publisher\":{\"@id\":\"https:\/\/einformatyka.com.pl\/#organization\"},\"potentialAction\":[{\"@type\":\"SearchAction\",\"target\":{\"@type\":\"EntryPoint\",\"urlTemplate\":\"https:\/\/einformatyka.com.pl\/?s={search_term_string}\"},\"query-input\":\"required name=search_term_string\"}],\"inLanguage\":\"pl-PL\"},{\"@type\":\"Organization\",\"@id\":\"https:\/\/einformatyka.com.pl\/#organization\",\"name\":\"Einformatyka\",\"url\":\"https:\/\/einformatyka.com.pl\/\",\"logo\":{\"@type\":\"ImageObject\",\"inLanguage\":\"pl-PL\",\"@id\":\"https:\/\/einformatyka.com.pl\/#\/schema\/logo\/image\/\",\"url\":\"https:\/\/i0.wp.com\/einformatyka.com.pl\/wp-content\/uploads\/2018\/06\/Einformatyka-logo-1.png?fit=3658%2C1122&ssl=1\",\"contentUrl\":\"https:\/\/i0.wp.com\/einformatyka.com.pl\/wp-content\/uploads\/2018\/06\/Einformatyka-logo-1.png?fit=3658%2C1122&ssl=1\",\"width\":3658,\"height\":1122,\"caption\":\"Einformatyka\"},\"image\":{\"@id\":\"https:\/\/einformatyka.com.pl\/#\/schema\/logo\/image\/\"},\"sameAs\":[\"https:\/\/www.facebook.com\/einformatyka\/\"]}]}<\/script>\n<!-- \/ Yoast SEO plugin. -->","yoast_head_json":{"title":"Oferta us\u0142ug informatycznych - Einformatyka","description":"Pisanie stron internetowych Pozycjonowanie stron internetowych Naprawa komputer\u00f3w Programowanie (PHP, HTML, SQL, JavaScript) ...","robots":{"index":"index","follow":"follow","max-snippet":"max-snippet:-1","max-image-preview":"max-image-preview:large","max-video-preview":"max-video-preview:-1"},"canonical":"https:\/\/einformatyka.com.pl\/index.php\/oferta-uslug-informatycznych\/","og_locale":"pl_PL","og_type":"article","og_title":"Oferta us\u0142ug informatycznych - Einformatyka","og_description":"Pisanie stron internetowych Pozycjonowanie stron internetowych Naprawa komputer\u00f3w Programowanie (PHP, HTML, SQL, JavaScript) ...","og_url":"https:\/\/einformatyka.com.pl\/index.php\/oferta-uslug-informatycznych\/","og_site_name":"Einformatyka","article_publisher":"https:\/\/www.facebook.com\/einformatyka\/","article_modified_time":"2018-08-30T15:56:36+00:00","twitter_card":"summary_large_image","schema":{"@context":"https:\/\/schema.org","@graph":[{"@type":"WebPage","@id":"https:\/\/einformatyka.com.pl\/index.php\/oferta-uslug-informatycznych\/","url":"https:\/\/einformatyka.com.pl\/index.php\/oferta-uslug-informatycznych\/","name":"Oferta us\u0142ug informatycznych - Einformatyka","isPartOf":{"@id":"https:\/\/einformatyka.com.pl\/#website"},"datePublished":"2018-06-08T08:18:26+00:00","dateModified":"2018-08-30T15:56:36+00:00","description":"Pisanie stron internetowych Pozycjonowanie stron internetowych Naprawa komputer\u00f3w Programowanie (PHP, HTML, SQL, JavaScript) ...","breadcrumb":{"@id":"https:\/\/einformatyka.com.pl\/index.php\/oferta-uslug-informatycznych\/#breadcrumb"},"inLanguage":"pl-PL","potentialAction":[{"@type":"ReadAction","target":["https:\/\/einformatyka.com.pl\/index.php\/oferta-uslug-informatycznych\/"]}]},{"@type":"BreadcrumbList","@id":"https:\/\/einformatyka.com.pl\/index.php\/oferta-uslug-informatycznych\/#breadcrumb","itemListElement":[{"@type":"ListItem","position":1,"name":"Strona g\u0142\u00f3wna","item":"https:\/\/einformatyka.com.pl\/"},{"@type":"ListItem","position":2,"name":"Oferta us\u0142ug informatycznych"}]},{"@type":"WebSite","@id":"https:\/\/einformatyka.com.pl\/#website","url":"https:\/\/einformatyka.com.pl\/","name":"Einformatyka","description":"Us\u0142ugi informatyczne","publisher":{"@id":"https:\/\/einformatyka.com.pl\/#organization"},"potentialAction":[{"@type":"SearchAction","target":{"@type":"EntryPoint","urlTemplate":"https:\/\/einformatyka.com.pl\/?s={search_term_string}"},"query-input":"required name=search_term_string"}],"inLanguage":"pl-PL"},{"@type":"Organization","@id":"https:\/\/einformatyka.com.pl\/#organization","name":"Einformatyka","url":"https:\/\/einformatyka.com.pl\/","logo":{"@type":"ImageObject","inLanguage":"pl-PL","@id":"https:\/\/einformatyka.com.pl\/#\/schema\/logo\/image\/","url":"https:\/\/i0.wp.com\/einformatyka.com.pl\/wp-content\/uploads\/2018\/06\/Einformatyka-logo-1.png?fit=3658%2C1122&ssl=1","contentUrl":"https:\/\/i0.wp.com\/einformatyka.com.pl\/wp-content\/uploads\/2018\/06\/Einformatyka-logo-1.png?fit=3658%2C1122&ssl=1","width":3658,"height":1122,"caption":"Einformatyka"},"image":{"@id":"https:\/\/einformatyka.com.pl\/#\/schema\/logo\/image\/"},"sameAs":["https:\/\/www.facebook.com\/einformatyka\/"]}]}},"jetpack_sharing_enabled":true,"jetpack_shortlink":"https:\/\/wp.me\/Pabt0O-F","jetpack_likes_enabled":true,"jetpack-related-posts":[{"id":495,"url":"https:\/\/einformatyka.com.pl\/index.php\/oferta-uslug-informatycznych\/programowanie-stron-internetowych-oraz-aplikacji-produkcyjnych\/","url_meta":{"origin":41,"position":0},"title":"Programowanie stron internetowych oraz aplikacji produkcyjnych","date":"30 sierpnia 2018","format":false,"excerpt":"Oferujemy programowanie stron internetowych oraz aplikacji produkcyjnych w j\u0119zykach PHP, HTML, MySQL oraz element\u00f3w JavaScript. Stworzone w ten spos\u00f3b projekty s\u0105 dost\u0119pne przez przegl\u0105dark\u0119 internetow\u0105. Jest to bardzo wygodne i nie wymaga instalacji dodatkowego oprogramowania na stacjach ko\u0144cowych. Oferujemy: Przygotowanie serwer\u00f3w www Pisanie stron internetowych Pisanie aplikacji produkcyjnych","rel":"","context":"Similar post","img":{"alt_text":"Programowanie-stron-internetowych-oraz-aplikacji-produkcyjnych","src":"https:\/\/i0.wp.com\/einformatyka.com.pl\/wp-content\/uploads\/2018\/08\/Programowanie-stron-internetowych-oraz-aplikacji-produkcyjnych.png?fit=1024%2C500&ssl=1&resize=350%2C200","width":350,"height":200},"classes":[]},{"id":481,"url":"https:\/\/einformatyka.com.pl\/index.php\/oferta-uslug-informatycznych\/pozycjonowanie-stron-internetowych\/","url_meta":{"origin":41,"position":1},"title":"Pozycjonowanie stron internetowych","date":"28 sierpnia 2018","format":false,"excerpt":"Oferujemy profesjonalne us\u0142ugi w zakresie pozycjonowania stron internetowych. Przygotujemy dla pa\u0144stwa profesjonaln\u0105 wizyt\u00f3wk\u0119 strony w wyszukiwarce Google oraz mapach. Za\u0142o\u017cymy i poprowadzimy profile spo\u0142eczno\u015bciowe. Pomo\u017cemy w \u201ezrozumieniu\u201d przez przegl\u0105darki interesuj\u0105cych pa\u0144stwa tre\u015bci. Zadbamy, aby strona www przyci\u0105gn\u0119\u0142a nowych, potencjalnych klient\u00f3w. Pozycjonowanie stron internetowych to szereg czynno\u015bci maj\u0105cych na celu zwi\u0119kszenie\u2026","rel":"","context":"Similar post","img":{"alt_text":"Pozycjonowanie stron internetowych","src":"https:\/\/i0.wp.com\/einformatyka.com.pl\/wp-content\/uploads\/2018\/06\/seo.jpg?fit=800%2C457&ssl=1&resize=350%2C200","width":350,"height":200},"classes":[]},{"id":378,"url":"https:\/\/einformatyka.com.pl\/index.php\/pisanie-stron-internetowych-przy-uzyciu-systemow-cms-oraz-recznie\/","url_meta":{"origin":41,"position":2},"title":"Pisanie stron internetowych przy u\u017cyciu system\u00f3w CMS oraz r\u0119cznie.","date":"16 sierpnia 2018","format":false,"excerpt":"Oferujemy kompleksowe przygotowanie stron www od wyboru i konfiguracji serwera do napisania samej strony. Pisanie stron internetowych przy u\u017cyciu system\u00f3w CMS oraz r\u0119czne w zale\u017cno\u015bci od potrzeb oraz wymaga\u0144 klienta. Przygotowanie serwera (hostingu) Pierwszym etapem budowy serwisu internetowego jest wyb\u00f3r \u015brodowiska, na kt\u00f3rym b\u0119dzie on dzia\u0142a\u0142. Je\u015bli planujemy stworzy\u0107 niewielk\u0105\u2026","rel":"","context":"Similar post","img":{"alt_text":"","src":"https:\/\/i0.wp.com\/einformatyka.com.pl\/wp-content\/uploads\/2018\/06\/Strona-internetowa\u00e2\u0080\u0093najlepsza-wizyt\u00c3\u00b3wka-ka\u00c5\u00bcdej-firmy-wordpress-300x300.jpg?resize=350%2C200&ssl=1","width":350,"height":200},"classes":[]},{"id":161,"url":"https:\/\/einformatyka.com.pl\/index.php\/pozycjonowanie-czyli-poprawa-widocznosci-stron-internetowych-seo\/","url_meta":{"origin":41,"position":3},"title":"Pozycjonowanie, czyli poprawa widoczno\u015bci stron internetowych (SEO)","date":"13 czerwca 2018","format":false,"excerpt":"Ka\u017cda nowa strona www zaraz po napisaniu nie jest widoczna dla przegl\u0105darek. Pozycjonowanie, czyli poprawa widoczno\u015bci stron internetowych (SEO) pozwala na wskazanie tre\u015bci, na jakie powinny one reagowa\u0107. Proces ten wymaga jednak sporo czasu i wiedzy a jego efekty s\u0105 zale\u017cne od wielu Czynnik\u00f3w. Pozycjonowanie a reklama Poprawa pozycji i\u2026","rel":"","context":"Similar post","img":{"alt_text":"","src":"https:\/\/i0.wp.com\/einformatyka.com.pl\/wp-content\/uploads\/2018\/06\/Linki-organiczne-300x202.png?resize=350%2C200&ssl=1","width":350,"height":200},"classes":[]},{"id":194,"url":"https:\/\/einformatyka.com.pl\/index.php\/artykuly-poradniki-materialy-informacyjne-instrukcje\/","url_meta":{"origin":41,"position":4},"title":"Artyku\u0142y, poradniki, materia\u0142y informacyjne, instrukcje","date":"14 czerwca 2018","format":false,"excerpt":"Tutaj znajdziesz Artyku\u0142y, poradniki, materia\u0142y informacyjne, instrukcje, kt\u00f3re pomog\u0105 zrozumie\u0107 niekt\u00f3re, wybrane zagadnienia informatyczne. \u00a0 \u00a0 \u00a0 \u00a0 Pozycjonowanie, czyli poprawa widoczno\u015bci stron internetowych (SEO). Strona internetowa - najlepsza wizyt\u00f3wka ka\u017cdej firmy. Webowe aplikacje produkcyjne (aplikacje udost\u0119pniane przez sie\u0107) Czy i po co szyfrowa\u0107 dane na komputerach stacjonarnych i przeno\u015bnych.\u2026","rel":"","context":"Similar post","img":{"alt_text":"","src":"","width":0,"height":0},"classes":[]},{"id":8,"url":"https:\/\/einformatyka.com.pl\/","url_meta":{"origin":41,"position":5},"title":"Uwaga!!! Szanowni klienci dzia\u0142alno\u015b\u0107 firmy\u2026","date":"8 czerwca 2018","format":false,"excerpt":"Uwaga!!! Szanowni klienci dzia\u0142alno\u015b\u0107 firmy Einformatyka zosta\u0142a zawieszona do odwo\u0142ania. \u00a0 Pozycjonowanie - czyli proce polegaj\u0105cy na poprawianiu widoczno\u015bci i pozycji strony internetowej w wyszukiwarkach. Czytaj dalej >>> Strony internetowe\u00a0- Oferujemy przygotowanie stron internetowych w technologii CMS (szybkie tworzenie przy u\u017cyciu szablonu) oraz ich r\u0119czne pisanie w oparciu o j\u0119zyki\u2026","rel":"","context":"Similar post","img":{"alt_text":"","src":"","width":0,"height":0},"classes":[]}],"_links":{"self":[{"href":"https:\/\/einformatyka.com.pl\/index.php\/wp-json\/wp\/v2\/pages\/41"}],"collection":[{"href":"https:\/\/einformatyka.com.pl\/index.php\/wp-json\/wp\/v2\/pages"}],"about":[{"href":"https:\/\/einformatyka.com.pl\/index.php\/wp-json\/wp\/v2\/types\/page"}],"author":[{"embeddable":true,"href":"https:\/\/einformatyka.com.pl\/index.php\/wp-json\/wp\/v2\/users\/1"}],"replies":[{"embeddable":true,"href":"https:\/\/einformatyka.com.pl\/index.php\/wp-json\/wp\/v2\/comments?post=41"}],"version-history":[{"count":0,"href":"https:\/\/einformatyka.com.pl\/index.php\/wp-json\/wp\/v2\/pages\/41\/revisions"}],"wp:attachment":[{"href":"https:\/\/einformatyka.com.pl\/index.php\/wp-json\/wp\/v2\/media?parent=41"}],"curies":[{"name":"wp","href":"https:\/\/api.w.org\/{rel}","templated":true}]}}