{"id":495,"date":"2018-08-30T17:55:16","date_gmt":"2018-08-30T15:55:16","guid":{"rendered":"https:\/\/einformatyka.com.pl\/?page_id=495"},"modified":"2018-08-30T17:55:16","modified_gmt":"2018-08-30T15:55:16","slug":"programowanie-stron-internetowych-oraz-aplikacji-produkcyjnych","status":"publish","type":"page","link":"https:\/\/einformatyka.com.pl\/index.php\/oferta-uslug-informatycznych\/programowanie-stron-internetowych-oraz-aplikacji-produkcyjnych\/","title":{"rendered":"Programowanie stron internetowych oraz aplikacji produkcyjnych"},"content":{"rendered":"<p>Oferujemy <a href=\"https:\/\/einformatyka.com.pl\/index.php\/pisanie-stron-internetowych-przy-uzyciu-systemow-cms-oraz-recznie\/\">programowanie stron internetowych<\/a> oraz <a href=\"https:\/\/einformatyka.com.pl\/index.php\/webowe-aplikacje-produkcyjne-aplikacje-udostepniane-przez-siec\/\">aplikacji produkcyjnych<\/a> w j\u0119zykach PHP, HTML, MySQL oraz element\u00f3w JavaScript. Stworzone w ten spos\u00f3b projekty s\u0105 dost\u0119pne przez przegl\u0105dark\u0119 internetow\u0105. Jest to bardzo wygodne i nie wymaga instalacji dodatkowego oprogramowania na stacjach ko\u0144cowych.<\/p>\n<p>Oferujemy:<\/p>\n<ul>\n<li>Przygotowanie serwer\u00f3w www<\/li>\n<li>Pisanie stron internetowych<\/li>\n<li>Pisanie aplikacji produkcyjnych<\/li>\n<\/ul>\n<div class=\"sharedaddy sd-sharing-enabled\"><div class=\"robots-nocontent sd-block sd-social sd-social-icon-text sd-sharing\"><h3 class=\"sd-title\">Share this:<\/h3><div class=\"sd-content\"><ul><li><a href=\"#\" class=\"sharing-anchor sd-button share-more\"><span>Share<\/span><\/a><\/li><li class=\"share-end\"><\/li><\/ul><div class=\"sharing-hidden\"><div class=\"inner\" style=\"display: none;\"><ul><li class=\"share-twitter\"><a rel=\"nofollow noopener noreferrer\" data-shared=\"sharing-twitter-495\" class=\"share-twitter sd-button share-icon\" href=\"https:\/\/einformatyka.com.pl\/index.php\/oferta-uslug-informatycznych\/programowanie-stron-internetowych-oraz-aplikacji-produkcyjnych\/?share=twitter\" target=\"_blank\" title=\"Click to share on Twitter\" ><span>Twitter<\/span><\/a><\/li><li class=\"share-print\"><a rel=\"nofollow noopener noreferrer\" data-shared=\"\" class=\"share-print sd-button share-icon\" href=\"https:\/\/einformatyka.com.pl\/index.php\/oferta-uslug-informatycznych\/programowanie-stron-internetowych-oraz-aplikacji-produkcyjnych\/\" target=\"_blank\" title=\"Click to print\" ><span>Print<\/span><\/a><\/li><li class=\"share-end\"><\/li><li class=\"share-facebook\"><a rel=\"nofollow noopener noreferrer\" data-shared=\"sharing-facebook-495\" class=\"share-facebook sd-button share-icon\" href=\"https:\/\/einformatyka.com.pl\/index.php\/oferta-uslug-informatycznych\/programowanie-stron-internetowych-oraz-aplikacji-produkcyjnych\/?share=facebook\" target=\"_blank\" title=\"Click to share on Facebook\" ><span>Facebook<\/span><\/a><\/li><li class=\"share-end\"><\/li><\/ul><\/div><\/div><\/div><\/div><\/div>","protected":false},"excerpt":{"rendered":"<p>Oferujemy programowanie stron internetowych oraz aplikacji produkcyjnych w j\u0119zykach PHP, HTML, MySQL oraz element\u00f3w JavaScript. Stworzone w ten spos\u00f3b projekty s\u0105 dost\u0119pne przez przegl\u0105dark\u0119 internetow\u0105. Jest to bardzo wygodne i nie wymaga instalacji dodatkowego oprogramowania<a class=\"read-more\" href=\"https:\/\/einformatyka.com.pl\/index.php\/oferta-uslug-informatycznych\/programowanie-stron-internetowych-oraz-aplikacji-produkcyjnych\/\">Continue reading<\/a><\/p>\n<div class=\"sharedaddy sd-sharing-enabled\"><div class=\"robots-nocontent sd-block sd-social sd-social-icon-text sd-sharing\"><h3 class=\"sd-title\">Share this:<\/h3><div class=\"sd-content\"><ul><li><a href=\"#\" class=\"sharing-anchor sd-button share-more\"><span>Share<\/span><\/a><\/li><li class=\"share-end\"><\/li><\/ul><div class=\"sharing-hidden\"><div class=\"inner\" style=\"display: none;\"><ul><li class=\"share-twitter\"><a rel=\"nofollow noopener noreferrer\" data-shared=\"sharing-twitter-495\" class=\"share-twitter sd-button share-icon\" href=\"https:\/\/einformatyka.com.pl\/index.php\/oferta-uslug-informatycznych\/programowanie-stron-internetowych-oraz-aplikacji-produkcyjnych\/?share=twitter\" target=\"_blank\" title=\"Click to share on Twitter\" ><span>Twitter<\/span><\/a><\/li><li class=\"share-print\"><a rel=\"nofollow noopener noreferrer\" data-shared=\"\" class=\"share-print sd-button share-icon\" href=\"https:\/\/einformatyka.com.pl\/index.php\/oferta-uslug-informatycznych\/programowanie-stron-internetowych-oraz-aplikacji-produkcyjnych\/\" target=\"_blank\" title=\"Click to print\" ><span>Print<\/span><\/a><\/li><li class=\"share-end\"><\/li><li class=\"share-facebook\"><a rel=\"nofollow noopener noreferrer\" data-shared=\"sharing-facebook-495\" class=\"share-facebook sd-button share-icon\" href=\"https:\/\/einformatyka.com.pl\/index.php\/oferta-uslug-informatycznych\/programowanie-stron-internetowych-oraz-aplikacji-produkcyjnych\/?share=facebook\" target=\"_blank\" title=\"Click to share on Facebook\" ><span>Facebook<\/span><\/a><\/li><li class=\"share-end\"><\/li><\/ul><\/div><\/div><\/div><\/div><\/div>","protected":false},"author":1,"featured_media":496,"parent":41,"menu_order":0,"comment_status":"closed","ping_status":"closed","template":"","meta":{"jetpack_post_was_ever_published":false},"yoast_head":"<!-- This site is optimized with the Yoast SEO plugin v19.9 - https:\/\/yoast.com\/wordpress\/plugins\/seo\/ -->\n<title>Programowanie stron internetowych oraz aplikacji produkcyjnych<\/title>\n<meta name=\"description\" content=\"Oferujemy programowanie stron internetowych oraz aplikacji produkcyjnych w j\u0119zykach PHP, HTML, MySQL oraz element\u00f3w JavaScript...\" \/>\n<meta name=\"robots\" content=\"index, follow, max-snippet:-1, max-image-preview:large, max-video-preview:-1\" \/>\n<link rel=\"canonical\" href=\"https:\/\/einformatyka.com.pl\/index.php\/oferta-uslug-informatycznych\/programowanie-stron-internetowych-oraz-aplikacji-produkcyjnych\/\" \/>\n<meta property=\"og:locale\" content=\"pl_PL\" \/>\n<meta property=\"og:type\" content=\"article\" \/>\n<meta property=\"og:title\" content=\"Programowanie stron internetowych oraz aplikacji produkcyjnych\" \/>\n<meta property=\"og:description\" content=\"Oferujemy programowanie stron internetowych oraz aplikacji produkcyjnych w j\u0119zykach PHP, HTML, MySQL oraz element\u00f3w JavaScript...\" \/>\n<meta property=\"og:url\" content=\"https:\/\/einformatyka.com.pl\/index.php\/oferta-uslug-informatycznych\/programowanie-stron-internetowych-oraz-aplikacji-produkcyjnych\/\" \/>\n<meta property=\"og:site_name\" content=\"Einformatyka\" \/>\n<meta property=\"article:publisher\" content=\"https:\/\/www.facebook.com\/einformatyka\/\" \/>\n<meta property=\"og:image\" content=\"https:\/\/i0.wp.com\/einformatyka.com.pl\/wp-content\/uploads\/2018\/08\/Programowanie-stron-internetowych-oraz-aplikacji-produkcyjnych.png?fit=1024%2C500&ssl=1\" \/>\n\t<meta property=\"og:image:width\" content=\"1024\" \/>\n\t<meta property=\"og:image:height\" content=\"500\" \/>\n\t<meta property=\"og:image:type\" content=\"image\/png\" \/>\n<meta name=\"twitter:card\" content=\"summary_large_image\" \/>\n<script type=\"application\/ld+json\" class=\"yoast-schema-graph\">{\"@context\":\"https:\/\/schema.org\",\"@graph\":[{\"@type\":\"WebPage\",\"@id\":\"https:\/\/einformatyka.com.pl\/index.php\/oferta-uslug-informatycznych\/programowanie-stron-internetowych-oraz-aplikacji-produkcyjnych\/\",\"url\":\"https:\/\/einformatyka.com.pl\/index.php\/oferta-uslug-informatycznych\/programowanie-stron-internetowych-oraz-aplikacji-produkcyjnych\/\",\"name\":\"Programowanie stron internetowych oraz aplikacji produkcyjnych\",\"isPartOf\":{\"@id\":\"https:\/\/einformatyka.com.pl\/#website\"},\"datePublished\":\"2018-08-30T15:55:16+00:00\",\"dateModified\":\"2018-08-30T15:55:16+00:00\",\"description\":\"Oferujemy programowanie stron internetowych oraz aplikacji produkcyjnych w j\u0119zykach PHP, HTML, MySQL oraz element\u00f3w JavaScript...\",\"breadcrumb\":{\"@id\":\"https:\/\/einformatyka.com.pl\/index.php\/oferta-uslug-informatycznych\/programowanie-stron-internetowych-oraz-aplikacji-produkcyjnych\/#breadcrumb\"},\"inLanguage\":\"pl-PL\",\"potentialAction\":[{\"@type\":\"ReadAction\",\"target\":[\"https:\/\/einformatyka.com.pl\/index.php\/oferta-uslug-informatycznych\/programowanie-stron-internetowych-oraz-aplikacji-produkcyjnych\/\"]}]},{\"@type\":\"BreadcrumbList\",\"@id\":\"https:\/\/einformatyka.com.pl\/index.php\/oferta-uslug-informatycznych\/programowanie-stron-internetowych-oraz-aplikacji-produkcyjnych\/#breadcrumb\",\"itemListElement\":[{\"@type\":\"ListItem\",\"position\":1,\"name\":\"Strona g\u0142\u00f3wna\",\"item\":\"https:\/\/einformatyka.com.pl\/\"},{\"@type\":\"ListItem\",\"position\":2,\"name\":\"Oferta us\u0142ug informatycznych\",\"item\":\"https:\/\/einformatyka.com.pl\/index.php\/oferta-uslug-informatycznych\/\"},{\"@type\":\"ListItem\",\"position\":3,\"name\":\"Programowanie stron internetowych oraz aplikacji produkcyjnych\"}]},{\"@type\":\"WebSite\",\"@id\":\"https:\/\/einformatyka.com.pl\/#website\",\"url\":\"https:\/\/einformatyka.com.pl\/\",\"name\":\"Einformatyka\",\"description\":\"Us\u0142ugi informatyczne\",\"publisher\":{\"@id\":\"https:\/\/einformatyka.com.pl\/#organization\"},\"potentialAction\":[{\"@type\":\"SearchAction\",\"target\":{\"@type\":\"EntryPoint\",\"urlTemplate\":\"https:\/\/einformatyka.com.pl\/?s={search_term_string}\"},\"query-input\":\"required name=search_term_string\"}],\"inLanguage\":\"pl-PL\"},{\"@type\":\"Organization\",\"@id\":\"https:\/\/einformatyka.com.pl\/#organization\",\"name\":\"Einformatyka\",\"url\":\"https:\/\/einformatyka.com.pl\/\",\"logo\":{\"@type\":\"ImageObject\",\"inLanguage\":\"pl-PL\",\"@id\":\"https:\/\/einformatyka.com.pl\/#\/schema\/logo\/image\/\",\"url\":\"https:\/\/i0.wp.com\/einformatyka.com.pl\/wp-content\/uploads\/2018\/06\/Einformatyka-logo-1.png?fit=3658%2C1122&ssl=1\",\"contentUrl\":\"https:\/\/i0.wp.com\/einformatyka.com.pl\/wp-content\/uploads\/2018\/06\/Einformatyka-logo-1.png?fit=3658%2C1122&ssl=1\",\"width\":3658,\"height\":1122,\"caption\":\"Einformatyka\"},\"image\":{\"@id\":\"https:\/\/einformatyka.com.pl\/#\/schema\/logo\/image\/\"},\"sameAs\":[\"https:\/\/www.facebook.com\/einformatyka\/\"]}]}<\/script>\n<!-- \/ Yoast SEO plugin. -->","yoast_head_json":{"title":"Programowanie stron internetowych oraz aplikacji produkcyjnych","description":"Oferujemy programowanie stron internetowych oraz aplikacji produkcyjnych w j\u0119zykach PHP, HTML, MySQL oraz element\u00f3w JavaScript...","robots":{"index":"index","follow":"follow","max-snippet":"max-snippet:-1","max-image-preview":"max-image-preview:large","max-video-preview":"max-video-preview:-1"},"canonical":"https:\/\/einformatyka.com.pl\/index.php\/oferta-uslug-informatycznych\/programowanie-stron-internetowych-oraz-aplikacji-produkcyjnych\/","og_locale":"pl_PL","og_type":"article","og_title":"Programowanie stron internetowych oraz aplikacji produkcyjnych","og_description":"Oferujemy programowanie stron internetowych oraz aplikacji produkcyjnych w j\u0119zykach PHP, HTML, MySQL oraz element\u00f3w JavaScript...","og_url":"https:\/\/einformatyka.com.pl\/index.php\/oferta-uslug-informatycznych\/programowanie-stron-internetowych-oraz-aplikacji-produkcyjnych\/","og_site_name":"Einformatyka","article_publisher":"https:\/\/www.facebook.com\/einformatyka\/","og_image":[{"width":1024,"height":500,"url":"https:\/\/i0.wp.com\/einformatyka.com.pl\/wp-content\/uploads\/2018\/08\/Programowanie-stron-internetowych-oraz-aplikacji-produkcyjnych.png?fit=1024%2C500&ssl=1","type":"image\/png"}],"twitter_card":"summary_large_image","schema":{"@context":"https:\/\/schema.org","@graph":[{"@type":"WebPage","@id":"https:\/\/einformatyka.com.pl\/index.php\/oferta-uslug-informatycznych\/programowanie-stron-internetowych-oraz-aplikacji-produkcyjnych\/","url":"https:\/\/einformatyka.com.pl\/index.php\/oferta-uslug-informatycznych\/programowanie-stron-internetowych-oraz-aplikacji-produkcyjnych\/","name":"Programowanie stron internetowych oraz aplikacji produkcyjnych","isPartOf":{"@id":"https:\/\/einformatyka.com.pl\/#website"},"datePublished":"2018-08-30T15:55:16+00:00","dateModified":"2018-08-30T15:55:16+00:00","description":"Oferujemy programowanie stron internetowych oraz aplikacji produkcyjnych w j\u0119zykach PHP, HTML, MySQL oraz element\u00f3w JavaScript...","breadcrumb":{"@id":"https:\/\/einformatyka.com.pl\/index.php\/oferta-uslug-informatycznych\/programowanie-stron-internetowych-oraz-aplikacji-produkcyjnych\/#breadcrumb"},"inLanguage":"pl-PL","potentialAction":[{"@type":"ReadAction","target":["https:\/\/einformatyka.com.pl\/index.php\/oferta-uslug-informatycznych\/programowanie-stron-internetowych-oraz-aplikacji-produkcyjnych\/"]}]},{"@type":"BreadcrumbList","@id":"https:\/\/einformatyka.com.pl\/index.php\/oferta-uslug-informatycznych\/programowanie-stron-internetowych-oraz-aplikacji-produkcyjnych\/#breadcrumb","itemListElement":[{"@type":"ListItem","position":1,"name":"Strona g\u0142\u00f3wna","item":"https:\/\/einformatyka.com.pl\/"},{"@type":"ListItem","position":2,"name":"Oferta us\u0142ug informatycznych","item":"https:\/\/einformatyka.com.pl\/index.php\/oferta-uslug-informatycznych\/"},{"@type":"ListItem","position":3,"name":"Programowanie stron internetowych oraz aplikacji produkcyjnych"}]},{"@type":"WebSite","@id":"https:\/\/einformatyka.com.pl\/#website","url":"https:\/\/einformatyka.com.pl\/","name":"Einformatyka","description":"Us\u0142ugi informatyczne","publisher":{"@id":"https:\/\/einformatyka.com.pl\/#organization"},"potentialAction":[{"@type":"SearchAction","target":{"@type":"EntryPoint","urlTemplate":"https:\/\/einformatyka.com.pl\/?s={search_term_string}"},"query-input":"required name=search_term_string"}],"inLanguage":"pl-PL"},{"@type":"Organization","@id":"https:\/\/einformatyka.com.pl\/#organization","name":"Einformatyka","url":"https:\/\/einformatyka.com.pl\/","logo":{"@type":"ImageObject","inLanguage":"pl-PL","@id":"https:\/\/einformatyka.com.pl\/#\/schema\/logo\/image\/","url":"https:\/\/i0.wp.com\/einformatyka.com.pl\/wp-content\/uploads\/2018\/06\/Einformatyka-logo-1.png?fit=3658%2C1122&ssl=1","contentUrl":"https:\/\/i0.wp.com\/einformatyka.com.pl\/wp-content\/uploads\/2018\/06\/Einformatyka-logo-1.png?fit=3658%2C1122&ssl=1","width":3658,"height":1122,"caption":"Einformatyka"},"image":{"@id":"https:\/\/einformatyka.com.pl\/#\/schema\/logo\/image\/"},"sameAs":["https:\/\/www.facebook.com\/einformatyka\/"]}]}},"jetpack_sharing_enabled":true,"jetpack_shortlink":"https:\/\/wp.me\/Pabt0O-7Z","jetpack_likes_enabled":true,"jetpack-related-posts":[{"id":378,"url":"https:\/\/einformatyka.com.pl\/index.php\/pisanie-stron-internetowych-przy-uzyciu-systemow-cms-oraz-recznie\/","url_meta":{"origin":495,"position":0},"title":"Pisanie stron internetowych przy u\u017cyciu system\u00f3w CMS oraz r\u0119cznie.","date":"16 sierpnia 2018","format":false,"excerpt":"Oferujemy kompleksowe przygotowanie stron www od wyboru i konfiguracji serwera do napisania samej strony. Pisanie stron internetowych przy u\u017cyciu system\u00f3w CMS oraz r\u0119czne w zale\u017cno\u015bci od potrzeb oraz wymaga\u0144 klienta. Przygotowanie serwera (hostingu) Pierwszym etapem budowy serwisu internetowego jest wyb\u00f3r \u015brodowiska, na kt\u00f3rym b\u0119dzie on dzia\u0142a\u0142. Je\u015bli planujemy stworzy\u0107 niewielk\u0105\u2026","rel":"","context":"Similar post","img":{"alt_text":"","src":"https:\/\/i0.wp.com\/einformatyka.com.pl\/wp-content\/uploads\/2018\/06\/Strona-internetowa\u00e2\u0080\u0093najlepsza-wizyt\u00c3\u00b3wka-ka\u00c5\u00bcdej-firmy-wordpress-300x300.jpg?resize=350%2C200&ssl=1","width":350,"height":200},"classes":[]},{"id":481,"url":"https:\/\/einformatyka.com.pl\/index.php\/oferta-uslug-informatycznych\/pozycjonowanie-stron-internetowych\/","url_meta":{"origin":495,"position":1},"title":"Pozycjonowanie stron internetowych","date":"28 sierpnia 2018","format":false,"excerpt":"Oferujemy profesjonalne us\u0142ugi w zakresie pozycjonowania stron internetowych. Przygotujemy dla pa\u0144stwa profesjonaln\u0105 wizyt\u00f3wk\u0119 strony w wyszukiwarce Google oraz mapach. Za\u0142o\u017cymy i poprowadzimy profile spo\u0142eczno\u015bciowe. Pomo\u017cemy w \u201ezrozumieniu\u201d przez przegl\u0105darki interesuj\u0105cych pa\u0144stwa tre\u015bci. Zadbamy, aby strona www przyci\u0105gn\u0119\u0142a nowych, potencjalnych klient\u00f3w. Pozycjonowanie stron internetowych to szereg czynno\u015bci maj\u0105cych na celu zwi\u0119kszenie\u2026","rel":"","context":"Similar post","img":{"alt_text":"Pozycjonowanie stron internetowych","src":"https:\/\/i0.wp.com\/einformatyka.com.pl\/wp-content\/uploads\/2018\/06\/seo.jpg?fit=800%2C457&ssl=1&resize=350%2C200","width":350,"height":200},"classes":[]},{"id":8,"url":"https:\/\/einformatyka.com.pl\/","url_meta":{"origin":495,"position":2},"title":"Uwaga!!! Szanowni klienci dzia\u0142alno\u015b\u0107 firmy\u2026","date":"8 czerwca 2018","format":false,"excerpt":"Uwaga!!! Szanowni klienci dzia\u0142alno\u015b\u0107 firmy Einformatyka zosta\u0142a zawieszona do odwo\u0142ania. \u00a0 Pozycjonowanie - czyli proce polegaj\u0105cy na poprawianiu widoczno\u015bci i pozycji strony internetowej w wyszukiwarkach. Czytaj dalej >>> Strony internetowe\u00a0- Oferujemy przygotowanie stron internetowych w technologii CMS (szybkie tworzenie przy u\u017cyciu szablonu) oraz ich r\u0119czne pisanie w oparciu o j\u0119zyki\u2026","rel":"","context":"Similar post","img":{"alt_text":"","src":"","width":0,"height":0},"classes":[]},{"id":41,"url":"https:\/\/einformatyka.com.pl\/index.php\/oferta-uslug-informatycznych\/","url_meta":{"origin":495,"position":3},"title":"Oferta us\u0142ug informatycznych","date":"8 czerwca 2018","format":false,"excerpt":"Pisanie stron internetowych Pozycjonowanie stron internetowych Naprawa komputer\u00f3w Programowanie (PHP, HTML, SQL, JavaScript) Konfiguracja serwer\u00f3w Administracja serwerami Sieci komputerowe Outsourcing IT Bezpiecze\u0144stwo danych","rel":"","context":"Similar post","img":{"alt_text":"","src":"","width":0,"height":0},"classes":[]},{"id":161,"url":"https:\/\/einformatyka.com.pl\/index.php\/pozycjonowanie-czyli-poprawa-widocznosci-stron-internetowych-seo\/","url_meta":{"origin":495,"position":4},"title":"Pozycjonowanie, czyli poprawa widoczno\u015bci stron internetowych (SEO)","date":"13 czerwca 2018","format":false,"excerpt":"Ka\u017cda nowa strona www zaraz po napisaniu nie jest widoczna dla przegl\u0105darek. Pozycjonowanie, czyli poprawa widoczno\u015bci stron internetowych (SEO) pozwala na wskazanie tre\u015bci, na jakie powinny one reagowa\u0107. Proces ten wymaga jednak sporo czasu i wiedzy a jego efekty s\u0105 zale\u017cne od wielu Czynnik\u00f3w. Pozycjonowanie a reklama Poprawa pozycji i\u2026","rel":"","context":"Similar post","img":{"alt_text":"","src":"https:\/\/i0.wp.com\/einformatyka.com.pl\/wp-content\/uploads\/2018\/06\/Linki-organiczne-300x202.png?resize=350%2C200&ssl=1","width":350,"height":200},"classes":[]},{"id":124,"url":"https:\/\/einformatyka.com.pl\/index.php\/o-nas\/","url_meta":{"origin":495,"position":5},"title":"O nas","date":"13 czerwca 2018","format":false,"excerpt":"Einformatyka dzia\u0142a na Polskim rynku od roku 2015 \u015bwiadcz\u0105c us\u0142ugi informatyczne dla os\u00f3b prywatnych oraz ma\u0142ych i \u015brednich firm.\u00a0 Nasze do\u015bwiadczenie zdobywali\u015bmy wsp\u00f3\u0142pracuj\u0105c z firmami takimi jak: Grupa K\u0119ty, Aluprof, Beskidzkie Biuro Konsultingowe, Gk Vip Transfer, BMB Sklep, Stan-Bruk, Zak\u0142ad Kominiarski Jaros\u0142aw Fajfrzyk \u00a0 \u00a0 \u00a0 \u00a0 \u00a0 \u00a0 \u00a0\u2026","rel":"","context":"Similar post","img":{"alt_text":"","src":"","width":0,"height":0},"classes":[]}],"_links":{"self":[{"href":"https:\/\/einformatyka.com.pl\/index.php\/wp-json\/wp\/v2\/pages\/495"}],"collection":[{"href":"https:\/\/einformatyka.com.pl\/index.php\/wp-json\/wp\/v2\/pages"}],"about":[{"href":"https:\/\/einformatyka.com.pl\/index.php\/wp-json\/wp\/v2\/types\/page"}],"author":[{"embeddable":true,"href":"https:\/\/einformatyka.com.pl\/index.php\/wp-json\/wp\/v2\/users\/1"}],"replies":[{"embeddable":true,"href":"https:\/\/einformatyka.com.pl\/index.php\/wp-json\/wp\/v2\/comments?post=495"}],"version-history":[{"count":0,"href":"https:\/\/einformatyka.com.pl\/index.php\/wp-json\/wp\/v2\/pages\/495\/revisions"}],"up":[{"embeddable":true,"href":"https:\/\/einformatyka.com.pl\/index.php\/wp-json\/wp\/v2\/pages\/41"}],"wp:featuredmedia":[{"embeddable":true,"href":"https:\/\/einformatyka.com.pl\/index.php\/wp-json\/wp\/v2\/media\/496"}],"wp:attachment":[{"href":"https:\/\/einformatyka.com.pl\/index.php\/wp-json\/wp\/v2\/media?parent=495"}],"curies":[{"name":"wp","href":"https:\/\/api.w.org\/{rel}","templated":true}]}}