{"id":8,"date":"2018-06-08T09:40:17","date_gmt":"2018-06-08T07:40:17","guid":{"rendered":"http:\/\/einformatyka.com.pl:8181\/?page_id=8"},"modified":"2020-04-06T19:29:16","modified_gmt":"2020-04-06T17:29:16","slug":"einformatyka-strona-glowna","status":"publish","type":"page","link":"https:\/\/einformatyka.com.pl\/","title":{"rendered":""},"content":{"rendered":"\n<p class=\"has-text-align-center has-medium-font-size\">Uwaga!!! Szanowni klienci dzia\u0142alno\u015b\u0107 firmy Einformatyka zosta\u0142a zawieszona do odwo\u0142ania.<\/p>\n\n\n\n<p><\/p>\n\n\n\n<table border=\"0\" frameborder=\"0\" align=\"center\" widtch=\"100%\">\n<tbody><tr>\n<td widtch=\"50%\">\n<p><img data-attachment-id=\"105\" data-permalink=\"https:\/\/einformatyka.com.pl\/index.php\/einformatyka-strona-glowna\/einformatyka-pozycjonowanie\/\" data-orig-file=\"https:\/\/i0.wp.com\/einformatyka.com.pl\/wp-content\/uploads\/2018\/06\/Einformatyka-pozycjonowanie.jpg?fit=1280%2C720&amp;ssl=1\" data-orig-size=\"1280,720\" data-comments-opened=\"1\" data-image-meta=\"{&quot;aperture&quot;:&quot;0&quot;,&quot;credit&quot;:&quot;&quot;,&quot;camera&quot;:&quot;&quot;,&quot;caption&quot;:&quot;&quot;,&quot;created_timestamp&quot;:&quot;0&quot;,&quot;copyright&quot;:&quot;&quot;,&quot;focal_length&quot;:&quot;0&quot;,&quot;iso&quot;:&quot;0&quot;,&quot;shutter_speed&quot;:&quot;0&quot;,&quot;title&quot;:&quot;&quot;,&quot;orientation&quot;:&quot;0&quot;}\" data-image-title=\"Einformatyka pozycjonowanie\" data-image-description=\"\" data-image-caption=\"&lt;p&gt;Einformatyka pozycjonowanie&lt;\/p&gt;\n\" data-medium-file=\"https:\/\/i0.wp.com\/einformatyka.com.pl\/wp-content\/uploads\/2018\/06\/Einformatyka-pozycjonowanie.jpg?fit=300%2C169&amp;ssl=1\" data-large-file=\"https:\/\/i0.wp.com\/einformatyka.com.pl\/wp-content\/uploads\/2018\/06\/Einformatyka-pozycjonowanie.jpg?fit=1024%2C576&amp;ssl=1\" decoding=\"async\" class=\"size-medium wp-image-105\" title=\"Einformatyka - pozycjonowanie\" src=\"https:\/\/i0.wp.com\/einformatyka.com.pl\/wp-content\/uploads\/2018\/06\/Einformatyka-pozycjonowanie.jpg?fit=300%2C300&#038;ssl=1\" alt=\"Einformatyka - pozycjonowanie\" width=\"300\" srcset=\"https:\/\/i0.wp.com\/einformatyka.com.pl\/wp-content\/uploads\/2018\/06\/Einformatyka-pozycjonowanie.jpg?resize=300%2C169&amp;ssl=1 300w, https:\/\/i0.wp.com\/einformatyka.com.pl\/wp-content\/uploads\/2018\/06\/Einformatyka-pozycjonowanie.jpg?resize=600%2C338&amp;ssl=1 600w, https:\/\/i0.wp.com\/einformatyka.com.pl\/wp-content\/uploads\/2018\/06\/Einformatyka-pozycjonowanie.jpg?resize=768%2C432&amp;ssl=1 768w, https:\/\/i0.wp.com\/einformatyka.com.pl\/wp-content\/uploads\/2018\/06\/Einformatyka-pozycjonowanie.jpg?resize=1024%2C576&amp;ssl=1 1024w, https:\/\/i0.wp.com\/einformatyka.com.pl\/wp-content\/uploads\/2018\/06\/Einformatyka-pozycjonowanie.jpg?resize=520%2C293&amp;ssl=1 520w, https:\/\/i0.wp.com\/einformatyka.com.pl\/wp-content\/uploads\/2018\/06\/Einformatyka-pozycjonowanie.jpg?resize=740%2C416&amp;ssl=1 740w, https:\/\/i0.wp.com\/einformatyka.com.pl\/wp-content\/uploads\/2018\/06\/Einformatyka-pozycjonowanie.jpg?w=1280&amp;ssl=1 1280w\" sizes=\"(max-width: 300px) 100vw, 300px\" data-recalc-dims=\"1\" \/><\/p>\n<p>&nbsp;<\/p>\n<p><strong>Pozycjonowanie<\/strong> &#8211; czyli proce polegaj\u0105cy na poprawianiu widoczno\u015bci i pozycji strony internetowej w wyszukiwarkach.<\/p>\n<p><a href=\"https:\/\/einformatyka.com.pl\/index.php\/pozycjonowanie-czyli-poprawa-widocznosci-stron-internetowych-seo\">Czytaj dalej &gt;&gt;&gt;<\/a>\n<\/p><\/td>\n<td>\n<img data-attachment-id=\"109\" data-permalink=\"https:\/\/einformatyka.com.pl\/index.php\/einformatyka-strona-glowna\/einformatyka-strony-internetowe\/\" data-orig-file=\"https:\/\/i0.wp.com\/einformatyka.com.pl\/wp-content\/uploads\/2018\/06\/Einformatyka-strony-internetowe.png?fit=1935%2C880&amp;ssl=1\" data-orig-size=\"1935,880\" data-comments-opened=\"1\" data-image-meta=\"{&quot;aperture&quot;:&quot;0&quot;,&quot;credit&quot;:&quot;&quot;,&quot;camera&quot;:&quot;&quot;,&quot;caption&quot;:&quot;&quot;,&quot;created_timestamp&quot;:&quot;0&quot;,&quot;copyright&quot;:&quot;&quot;,&quot;focal_length&quot;:&quot;0&quot;,&quot;iso&quot;:&quot;0&quot;,&quot;shutter_speed&quot;:&quot;0&quot;,&quot;title&quot;:&quot;&quot;,&quot;orientation&quot;:&quot;0&quot;}\" data-image-title=\"Einformatyka &#8211; strony internetowe\" data-image-description=\"\" data-image-caption=\"&lt;p&gt;Einformatyka &#8211; strony internetowe&lt;\/p&gt;\n\" data-medium-file=\"https:\/\/i0.wp.com\/einformatyka.com.pl\/wp-content\/uploads\/2018\/06\/Einformatyka-strony-internetowe.png?fit=300%2C136&amp;ssl=1\" data-large-file=\"https:\/\/i0.wp.com\/einformatyka.com.pl\/wp-content\/uploads\/2018\/06\/Einformatyka-strony-internetowe.png?fit=1024%2C466&amp;ssl=1\" decoding=\"async\" loading=\"lazy\" width=\"300\" height=\"136\" class=\"size-medium wp-image-109\" title=\"Einformatyka - strony internetowe\" src=\"https:\/\/i0.wp.com\/einformatyka.com.pl\/wp-content\/uploads\/2018\/06\/Einformatyka-strony-internetowe.png?resize=300%2C136&#038;ssl=1\" alt=\"Einformatyka - strony internetowe\" widtch=\"100%\" srcset=\"https:\/\/i0.wp.com\/einformatyka.com.pl\/wp-content\/uploads\/2018\/06\/Einformatyka-strony-internetowe.png?resize=300%2C136&amp;ssl=1 300w, https:\/\/i0.wp.com\/einformatyka.com.pl\/wp-content\/uploads\/2018\/06\/Einformatyka-strony-internetowe.png?resize=600%2C273&amp;ssl=1 600w, https:\/\/i0.wp.com\/einformatyka.com.pl\/wp-content\/uploads\/2018\/06\/Einformatyka-strony-internetowe.png?resize=768%2C349&amp;ssl=1 768w, https:\/\/i0.wp.com\/einformatyka.com.pl\/wp-content\/uploads\/2018\/06\/Einformatyka-strony-internetowe.png?resize=1024%2C466&amp;ssl=1 1024w, https:\/\/i0.wp.com\/einformatyka.com.pl\/wp-content\/uploads\/2018\/06\/Einformatyka-strony-internetowe.png?resize=520%2C236&amp;ssl=1 520w, https:\/\/i0.wp.com\/einformatyka.com.pl\/wp-content\/uploads\/2018\/06\/Einformatyka-strony-internetowe.png?resize=740%2C337&amp;ssl=1 740w, https:\/\/i0.wp.com\/einformatyka.com.pl\/wp-content\/uploads\/2018\/06\/Einformatyka-strony-internetowe.png?w=1935&amp;ssl=1 1935w\" sizes=\"(max-width: 300px) 100vw, 300px\" data-recalc-dims=\"1\" \/><p><\/p>\n<p><strong>Strony internetowe&nbsp;<\/strong>&#8211; Oferujemy przygotowanie stron internetowych w technologii CMS (szybkie tworzenie przy u\u017cyciu szablonu) oraz ich r\u0119czne pisanie w oparciu o j\u0119zyki programowania PHP, HTML, SQL oraz elementy JavaScript<\/p>\n<p><a href=\"https:\/\/einformatyka.com.pl\/index.php\/strona-internetowa-najlepsza-wizytowka-kazdej-firmy\">Czytaj dalej &gt;&gt;&gt;<\/a>\n<\/p><\/td>\n<\/tr>\n<tr>\n<td>\n<img data-attachment-id=\"105\" data-permalink=\"https:\/\/einformatyka.com.pl\/index.php\/einformatyka-strona-glowna\/einformatyka-pozycjonowanie\/\" data-orig-file=\"https:\/\/i0.wp.com\/einformatyka.com.pl\/wp-content\/uploads\/2018\/06\/Einformatyka-pozycjonowanie.jpg?fit=1280%2C720&amp;ssl=1\" data-orig-size=\"1280,720\" data-comments-opened=\"1\" data-image-meta=\"{&quot;aperture&quot;:&quot;0&quot;,&quot;credit&quot;:&quot;&quot;,&quot;camera&quot;:&quot;&quot;,&quot;caption&quot;:&quot;&quot;,&quot;created_timestamp&quot;:&quot;0&quot;,&quot;copyright&quot;:&quot;&quot;,&quot;focal_length&quot;:&quot;0&quot;,&quot;iso&quot;:&quot;0&quot;,&quot;shutter_speed&quot;:&quot;0&quot;,&quot;title&quot;:&quot;&quot;,&quot;orientation&quot;:&quot;0&quot;}\" data-image-title=\"Einformatyka pozycjonowanie\" data-image-description=\"\" data-image-caption=\"&lt;p&gt;Einformatyka pozycjonowanie&lt;\/p&gt;\n\" data-medium-file=\"https:\/\/i0.wp.com\/einformatyka.com.pl\/wp-content\/uploads\/2018\/06\/Einformatyka-pozycjonowanie.jpg?fit=300%2C169&amp;ssl=1\" data-large-file=\"https:\/\/i0.wp.com\/einformatyka.com.pl\/wp-content\/uploads\/2018\/06\/Einformatyka-pozycjonowanie.jpg?fit=1024%2C576&amp;ssl=1\" decoding=\"async\" class=\"size-medium wp-image-105\" title=\"Webowe aplikacje produkcyjne (aplikacje udost\u0119pniane przez sie\u0107)\" src=\"https:\/\/i0.wp.com\/einformatyka.com.pl\/wp-content\/uploads\/2018\/07\/Webowe-aplikacje-produkcyjne.png?fit=300%2C300&#038;ssl=1\" alt=\"Webowe aplikacje produkcyjne (aplikacje udost\u0119pniane przez sie\u0107)\" widtch=\"100%\" data-recalc-dims=\"1\"><p><\/p>\n<p><strong>Webowe aplikacje produkcyjne (aplikacje udost\u0119pniane przez sie\u0107)<\/strong> &#8211; Pomagaj\u0105 one w szkoleniu pracownik\u00f3w (platforma edukacyjna Moodle), u\u0142atwiaj\u0105 zarz\u0105dzanie rozbudowanymi projektami (Redmine)&#8230;<\/p>\n<p><a href=\"https:\/\/einformatyka.com.pl\/index.php\/webowe-aplikacje-produkcyjne-aplikacje-udostepniane-przez-siec\">Czytaj dalej &gt;&gt;&gt;<\/a>\n<\/p><\/td>\n<td>\n<img data-attachment-id=\"348\" data-permalink=\"https:\/\/einformatyka.com.pl\/index.php\/czy-i-po-co-szyfrowac-dane-na-komputerach-stacjonarnych-i-przenosnych\/szyfrowanie_danych\/\" data-orig-file=\"https:\/\/i0.wp.com\/einformatyka.com.pl\/wp-content\/uploads\/2018\/08\/Szyfrowanie_danych.jpg?fit=1000%2C667&amp;ssl=1\" data-orig-size=\"1000,667\" data-comments-opened=\"1\" data-image-meta=\"{&quot;aperture&quot;:&quot;0&quot;,&quot;credit&quot;:&quot;&quot;,&quot;camera&quot;:&quot;&quot;,&quot;caption&quot;:&quot;&quot;,&quot;created_timestamp&quot;:&quot;0&quot;,&quot;copyright&quot;:&quot;&quot;,&quot;focal_length&quot;:&quot;0&quot;,&quot;iso&quot;:&quot;0&quot;,&quot;shutter_speed&quot;:&quot;0&quot;,&quot;title&quot;:&quot;&quot;,&quot;orientation&quot;:&quot;0&quot;}\" data-image-title=\"Szyfrowanie_danych\" data-image-description=\"&lt;p&gt;Szyfrowanie_danych&lt;\/p&gt;\n\" data-image-caption=\"&lt;p&gt;Szyfrowanie_danych&lt;\/p&gt;\n\" data-medium-file=\"https:\/\/i0.wp.com\/einformatyka.com.pl\/wp-content\/uploads\/2018\/08\/Szyfrowanie_danych.jpg?fit=300%2C200&amp;ssl=1\" data-large-file=\"https:\/\/i0.wp.com\/einformatyka.com.pl\/wp-content\/uploads\/2018\/08\/Szyfrowanie_danych.jpg?fit=1000%2C667&amp;ssl=1\" decoding=\"async\" loading=\"lazy\" width=\"300\" height=\"200\" class=\"size-medium wp-image-348\" title=\"Czy i po co szyfrowa\u0107 dane na komputerach stacjonarnych i przeno\u015bnych.\" src=\"https:\/\/i0.wp.com\/einformatyka.com.pl\/wp-content\/uploads\/2018\/08\/Szyfrowanie_danych.jpg?resize=300%2C200&#038;ssl=1\" alt=\"Czy i po co szyfrowa\u0107 dane na komputerach stacjonarnych i przeno\u015bnych.\" widtch=\"100%\" srcset=\"https:\/\/i0.wp.com\/einformatyka.com.pl\/wp-content\/uploads\/2018\/08\/Szyfrowanie_danych.jpg?resize=300%2C200&amp;ssl=1 300w, https:\/\/i0.wp.com\/einformatyka.com.pl\/wp-content\/uploads\/2018\/08\/Szyfrowanie_danych.jpg?resize=768%2C512&amp;ssl=1 768w, https:\/\/i0.wp.com\/einformatyka.com.pl\/wp-content\/uploads\/2018\/08\/Szyfrowanie_danych.jpg?resize=390%2C260&amp;ssl=1 390w, https:\/\/i0.wp.com\/einformatyka.com.pl\/wp-content\/uploads\/2018\/08\/Szyfrowanie_danych.jpg?resize=520%2C347&amp;ssl=1 520w, https:\/\/i0.wp.com\/einformatyka.com.pl\/wp-content\/uploads\/2018\/08\/Szyfrowanie_danych.jpg?resize=740%2C494&amp;ssl=1 740w, https:\/\/i0.wp.com\/einformatyka.com.pl\/wp-content\/uploads\/2018\/08\/Szyfrowanie_danych.jpg?resize=600%2C400&amp;ssl=1 600w, https:\/\/i0.wp.com\/einformatyka.com.pl\/wp-content\/uploads\/2018\/08\/Szyfrowanie_danych.jpg?w=1000&amp;ssl=1 1000w\" sizes=\"(max-width: 300px) 100vw, 300px\" data-recalc-dims=\"1\" \/><p><\/p>\n<p><strong>Czy i po co szyfrowa\u0107 dane na komputerach stacjonarnych i przeno\u015bnych<\/strong> &#8211; Bezpiecze\u0144stwo danych to temat coraz bardziej zyskuj\u0105cy na popularno\u015bci. W zwi\u0105zku z wej\u015bciem RODO<\/p>\n<p><a href=\"https:\/\/einformatyka.com.pl\/index.php\/czy-i-po-co-szyfrowac-dane-na-komputerach-stacjonarnych-i-przenosnych\">Czytaj dalej &gt;&gt;&gt;<\/a><\/p>\n<\/td>\n<\/tr>\n<\/tbody><\/table>\n\n\n\n<p><\/p>\n\n\n\n\n\n<p><\/p>\n\n\n\n<p><\/p>\n<div class=\"sharedaddy sd-sharing-enabled\"><div class=\"robots-nocontent sd-block sd-social sd-social-icon-text sd-sharing\"><h3 class=\"sd-title\">Share this:<\/h3><div class=\"sd-content\"><ul><li><a href=\"#\" class=\"sharing-anchor sd-button share-more\"><span>Share<\/span><\/a><\/li><li class=\"share-end\"><\/li><\/ul><div class=\"sharing-hidden\"><div class=\"inner\" style=\"display: none;\"><ul><li class=\"share-twitter\"><a rel=\"nofollow noopener noreferrer\" data-shared=\"sharing-twitter-8\" class=\"share-twitter sd-button share-icon\" href=\"https:\/\/einformatyka.com.pl\/?share=twitter\" target=\"_blank\" title=\"Click to share on Twitter\" ><span>Twitter<\/span><\/a><\/li><li class=\"share-print\"><a rel=\"nofollow noopener noreferrer\" data-shared=\"\" class=\"share-print sd-button share-icon\" href=\"https:\/\/einformatyka.com.pl\/\" target=\"_blank\" title=\"Click to print\" ><span>Print<\/span><\/a><\/li><li class=\"share-end\"><\/li><li class=\"share-facebook\"><a rel=\"nofollow noopener noreferrer\" data-shared=\"sharing-facebook-8\" class=\"share-facebook sd-button share-icon\" href=\"https:\/\/einformatyka.com.pl\/?share=facebook\" target=\"_blank\" title=\"Click to share on Facebook\" ><span>Facebook<\/span><\/a><\/li><li class=\"share-end\"><\/li><\/ul><\/div><\/div><\/div><\/div><\/div>","protected":false},"excerpt":{"rendered":"<p>Uwaga!!! Szanowni klienci dzia\u0142alno\u015b\u0107 firmy Einformatyka zosta\u0142a zawieszona do odwo\u0142ania. &nbsp; Pozycjonowanie &#8211; czyli proce polegaj\u0105cy na poprawianiu widoczno\u015bci i pozycji strony internetowej w wyszukiwarkach. Czytaj dalej &gt;&gt;&gt; Strony internetowe&nbsp;&#8211; Oferujemy przygotowanie stron internetowych w<a class=\"read-more\" href=\"https:\/\/einformatyka.com.pl\/\">Continue reading<\/a><\/p>\n<div class=\"sharedaddy sd-sharing-enabled\"><div class=\"robots-nocontent sd-block sd-social sd-social-icon-text sd-sharing\"><h3 class=\"sd-title\">Share this:<\/h3><div class=\"sd-content\"><ul><li><a href=\"#\" class=\"sharing-anchor sd-button share-more\"><span>Share<\/span><\/a><\/li><li class=\"share-end\"><\/li><\/ul><div class=\"sharing-hidden\"><div class=\"inner\" style=\"display: none;\"><ul><li class=\"share-twitter\"><a rel=\"nofollow noopener noreferrer\" data-shared=\"sharing-twitter-8\" class=\"share-twitter sd-button share-icon\" href=\"https:\/\/einformatyka.com.pl\/?share=twitter\" target=\"_blank\" title=\"Click to share on Twitter\" ><span>Twitter<\/span><\/a><\/li><li class=\"share-print\"><a rel=\"nofollow noopener noreferrer\" data-shared=\"\" class=\"share-print sd-button share-icon\" href=\"https:\/\/einformatyka.com.pl\/\" target=\"_blank\" title=\"Click to print\" ><span>Print<\/span><\/a><\/li><li class=\"share-end\"><\/li><li class=\"share-facebook\"><a rel=\"nofollow noopener noreferrer\" data-shared=\"sharing-facebook-8\" class=\"share-facebook sd-button share-icon\" href=\"https:\/\/einformatyka.com.pl\/?share=facebook\" target=\"_blank\" title=\"Click to share on Facebook\" ><span>Facebook<\/span><\/a><\/li><li class=\"share-end\"><\/li><\/ul><\/div><\/div><\/div><\/div><\/div>","protected":false},"author":1,"featured_media":0,"parent":0,"menu_order":0,"comment_status":"closed","ping_status":"closed","template":"","meta":{"jetpack_post_was_ever_published":false},"yoast_head":"<!-- This site is optimized with the Yoast SEO plugin v19.9 - https:\/\/yoast.com\/wordpress\/plugins\/seo\/ -->\n<title>Einformatyka - Strona g\u0142\u00f3wna<\/title>\n<meta name=\"description\" content=\"Einformatyka to firma \u015bwiadcz\u0105ca szeroko rozumiane us\u0142ugi informatyczne dla firm oraz os\u00f3b prywatnych od sprzeda\u017cy sprz\u0119tu po budow\u0119 i obs\u0142ug\u0119 serwerowni.\" \/>\n<meta name=\"robots\" content=\"index, follow, max-snippet:-1, max-image-preview:large, max-video-preview:-1\" \/>\n<link rel=\"canonical\" href=\"https:\/\/einformatyka.com.pl\/\" \/>\n<meta property=\"og:locale\" content=\"pl_PL\" \/>\n<meta property=\"og:type\" content=\"article\" \/>\n<meta property=\"og:title\" content=\"Einformatyka - Strona g\u0142\u00f3wna\" \/>\n<meta property=\"og:description\" content=\"Einformatyka to firma \u015bwiadcz\u0105ca szeroko rozumiane us\u0142ugi informatyczne dla firm oraz os\u00f3b prywatnych od sprzeda\u017cy sprz\u0119tu po budow\u0119 i obs\u0142ug\u0119 serwerowni.\" \/>\n<meta property=\"og:url\" content=\"https:\/\/einformatyka.com.pl\/\" \/>\n<meta property=\"og:site_name\" content=\"Einformatyka\" \/>\n<meta property=\"article:publisher\" content=\"https:\/\/www.facebook.com\/einformatyka\/\" \/>\n<meta property=\"article:modified_time\" content=\"2020-04-06T17:29:16+00:00\" \/>\n<meta property=\"og:image\" content=\"https:\/\/einformatyka.com.pl\/wp-content\/uploads\/2018\/06\/Einformatyka-pozycjonowanie-300x169.jpg\" \/>\n<meta name=\"twitter:card\" content=\"summary_large_image\" \/>\n<meta name=\"twitter:label1\" content=\"Szacowany czas czytania\" \/>\n\t<meta name=\"twitter:data1\" content=\"1 minuta\" \/>\n<script type=\"application\/ld+json\" class=\"yoast-schema-graph\">{\"@context\":\"https:\/\/schema.org\",\"@graph\":[{\"@type\":\"WebPage\",\"@id\":\"https:\/\/einformatyka.com.pl\/\",\"url\":\"https:\/\/einformatyka.com.pl\/\",\"name\":\"Einformatyka - Strona g\u0142\u00f3wna\",\"isPartOf\":{\"@id\":\"https:\/\/einformatyka.com.pl\/#website\"},\"datePublished\":\"2018-06-08T07:40:17+00:00\",\"dateModified\":\"2020-04-06T17:29:16+00:00\",\"description\":\"Einformatyka to firma \u015bwiadcz\u0105ca szeroko rozumiane us\u0142ugi informatyczne dla firm oraz os\u00f3b prywatnych od sprzeda\u017cy sprz\u0119tu po budow\u0119 i obs\u0142ug\u0119 serwerowni.\",\"inLanguage\":\"pl-PL\",\"potentialAction\":[{\"@type\":\"ReadAction\",\"target\":[\"https:\/\/einformatyka.com.pl\/\"]}]},{\"@type\":\"WebSite\",\"@id\":\"https:\/\/einformatyka.com.pl\/#website\",\"url\":\"https:\/\/einformatyka.com.pl\/\",\"name\":\"Einformatyka\",\"description\":\"Us\u0142ugi informatyczne\",\"publisher\":{\"@id\":\"https:\/\/einformatyka.com.pl\/#organization\"},\"potentialAction\":[{\"@type\":\"SearchAction\",\"target\":{\"@type\":\"EntryPoint\",\"urlTemplate\":\"https:\/\/einformatyka.com.pl\/?s={search_term_string}\"},\"query-input\":\"required name=search_term_string\"}],\"inLanguage\":\"pl-PL\"},{\"@type\":\"Organization\",\"@id\":\"https:\/\/einformatyka.com.pl\/#organization\",\"name\":\"Einformatyka\",\"url\":\"https:\/\/einformatyka.com.pl\/\",\"logo\":{\"@type\":\"ImageObject\",\"inLanguage\":\"pl-PL\",\"@id\":\"https:\/\/einformatyka.com.pl\/#\/schema\/logo\/image\/\",\"url\":\"https:\/\/i0.wp.com\/einformatyka.com.pl\/wp-content\/uploads\/2018\/06\/Einformatyka-logo-1.png?fit=3658%2C1122&ssl=1\",\"contentUrl\":\"https:\/\/i0.wp.com\/einformatyka.com.pl\/wp-content\/uploads\/2018\/06\/Einformatyka-logo-1.png?fit=3658%2C1122&ssl=1\",\"width\":3658,\"height\":1122,\"caption\":\"Einformatyka\"},\"image\":{\"@id\":\"https:\/\/einformatyka.com.pl\/#\/schema\/logo\/image\/\"},\"sameAs\":[\"https:\/\/www.facebook.com\/einformatyka\/\"]}]}<\/script>\n<!-- \/ Yoast SEO plugin. -->","yoast_head_json":{"title":"Einformatyka - Strona g\u0142\u00f3wna","description":"Einformatyka to firma \u015bwiadcz\u0105ca szeroko rozumiane us\u0142ugi informatyczne dla firm oraz os\u00f3b prywatnych od sprzeda\u017cy sprz\u0119tu po budow\u0119 i obs\u0142ug\u0119 serwerowni.","robots":{"index":"index","follow":"follow","max-snippet":"max-snippet:-1","max-image-preview":"max-image-preview:large","max-video-preview":"max-video-preview:-1"},"canonical":"https:\/\/einformatyka.com.pl\/","og_locale":"pl_PL","og_type":"article","og_title":"Einformatyka - Strona g\u0142\u00f3wna","og_description":"Einformatyka to firma \u015bwiadcz\u0105ca szeroko rozumiane us\u0142ugi informatyczne dla firm oraz os\u00f3b prywatnych od sprzeda\u017cy sprz\u0119tu po budow\u0119 i obs\u0142ug\u0119 serwerowni.","og_url":"https:\/\/einformatyka.com.pl\/","og_site_name":"Einformatyka","article_publisher":"https:\/\/www.facebook.com\/einformatyka\/","article_modified_time":"2020-04-06T17:29:16+00:00","og_image":[{"url":"https:\/\/einformatyka.com.pl\/wp-content\/uploads\/2018\/06\/Einformatyka-pozycjonowanie-300x169.jpg"}],"twitter_card":"summary_large_image","twitter_misc":{"Szacowany czas czytania":"1 minuta"},"schema":{"@context":"https:\/\/schema.org","@graph":[{"@type":"WebPage","@id":"https:\/\/einformatyka.com.pl\/","url":"https:\/\/einformatyka.com.pl\/","name":"Einformatyka - Strona g\u0142\u00f3wna","isPartOf":{"@id":"https:\/\/einformatyka.com.pl\/#website"},"datePublished":"2018-06-08T07:40:17+00:00","dateModified":"2020-04-06T17:29:16+00:00","description":"Einformatyka to firma \u015bwiadcz\u0105ca szeroko rozumiane us\u0142ugi informatyczne dla firm oraz os\u00f3b prywatnych od sprzeda\u017cy sprz\u0119tu po budow\u0119 i obs\u0142ug\u0119 serwerowni.","inLanguage":"pl-PL","potentialAction":[{"@type":"ReadAction","target":["https:\/\/einformatyka.com.pl\/"]}]},{"@type":"WebSite","@id":"https:\/\/einformatyka.com.pl\/#website","url":"https:\/\/einformatyka.com.pl\/","name":"Einformatyka","description":"Us\u0142ugi informatyczne","publisher":{"@id":"https:\/\/einformatyka.com.pl\/#organization"},"potentialAction":[{"@type":"SearchAction","target":{"@type":"EntryPoint","urlTemplate":"https:\/\/einformatyka.com.pl\/?s={search_term_string}"},"query-input":"required name=search_term_string"}],"inLanguage":"pl-PL"},{"@type":"Organization","@id":"https:\/\/einformatyka.com.pl\/#organization","name":"Einformatyka","url":"https:\/\/einformatyka.com.pl\/","logo":{"@type":"ImageObject","inLanguage":"pl-PL","@id":"https:\/\/einformatyka.com.pl\/#\/schema\/logo\/image\/","url":"https:\/\/i0.wp.com\/einformatyka.com.pl\/wp-content\/uploads\/2018\/06\/Einformatyka-logo-1.png?fit=3658%2C1122&ssl=1","contentUrl":"https:\/\/i0.wp.com\/einformatyka.com.pl\/wp-content\/uploads\/2018\/06\/Einformatyka-logo-1.png?fit=3658%2C1122&ssl=1","width":3658,"height":1122,"caption":"Einformatyka"},"image":{"@id":"https:\/\/einformatyka.com.pl\/#\/schema\/logo\/image\/"},"sameAs":["https:\/\/www.facebook.com\/einformatyka\/"]}]}},"jetpack_sharing_enabled":true,"jetpack_shortlink":"https:\/\/wp.me\/Pabt0O-8","jetpack_likes_enabled":true,"jetpack-related-posts":[],"_links":{"self":[{"href":"https:\/\/einformatyka.com.pl\/index.php\/wp-json\/wp\/v2\/pages\/8"}],"collection":[{"href":"https:\/\/einformatyka.com.pl\/index.php\/wp-json\/wp\/v2\/pages"}],"about":[{"href":"https:\/\/einformatyka.com.pl\/index.php\/wp-json\/wp\/v2\/types\/page"}],"author":[{"embeddable":true,"href":"https:\/\/einformatyka.com.pl\/index.php\/wp-json\/wp\/v2\/users\/1"}],"replies":[{"embeddable":true,"href":"https:\/\/einformatyka.com.pl\/index.php\/wp-json\/wp\/v2\/comments?post=8"}],"version-history":[{"count":3,"href":"https:\/\/einformatyka.com.pl\/index.php\/wp-json\/wp\/v2\/pages\/8\/revisions"}],"predecessor-version":[{"id":1131,"href":"https:\/\/einformatyka.com.pl\/index.php\/wp-json\/wp\/v2\/pages\/8\/revisions\/1131"}],"wp:attachment":[{"href":"https:\/\/einformatyka.com.pl\/index.php\/wp-json\/wp\/v2\/media?parent=8"}],"curies":[{"name":"wp","href":"https:\/\/api.w.org\/{rel}","templated":true}]}}